{"id":5067,"date":"2024-11-07T13:20:10","date_gmt":"2024-11-07T13:20:10","guid":{"rendered":"https:\/\/shopcoop.ma\/product\/%d9%83%d9%8a%d9%86%d9%88%d8%a7-500-%d8%ac%d8%b1%d8%a7%d9%85\/"},"modified":"2025-02-10T15:52:32","modified_gmt":"2025-02-10T15:52:32","slug":"%d9%83%d9%8a%d9%86%d9%88%d8%a7-500-%d8%ac%d8%b1%d8%a7%d9%85","status":"publish","type":"product","link":"https:\/\/shopcoop.ma\/fr\/produit\/%d9%83%d9%8a%d9%86%d9%88%d8%a7-500-%d8%ac%d8%b1%d8%a7%d9%85\/","title":{"rendered":"Kinoa 500 grammes"},"content":{"rendered":"<h2>Les avantages du quinoa<\/h2>\n<p>Kenoa est l'un des principaux signes coop\u00e9ratifs agricoles est un produit naturel 100% pur, caract\u00e9ris\u00e9 par ses propri\u00e9t\u00e9s nutritionnelles et plusieurs avantages pour la sant\u00e9.Le quinoa contient un pourcentage \u00e9lev\u00e9 de prot\u00e9ines et de fibres, ce qui en fait un excellent choix pour maintenir la sant\u00e9 du syst\u00e8me digestif et am\u00e9liorer le niveau d'\u00e9nergie.<\/p>\n<h2>Comment utiliser le quinoa<\/h2>\n<p>Le quinoa peut \u00eatre utilis\u00e9 comme alternative saine au riz dans les repas, ou ajouter aux salades et aux soupes.Il est recommand\u00e9 de laver le quinoa bien avant la cuisson, puis de le faire cuire dans l'eau jusqu'\u00e0 ce qu'il soit tendre et devient doux.<\/p>\n<h2>Composants de quinoa<\/h2>\n<p>Ce produit se compose de pilules de quinoa s\u00e9ch\u00e9es \u00e0 100% sans ajouts industriels.<\/p>\n<h2>Avertissements et utilisation s\u00fbrs<\/h2>\n<p>Il est toujours recommand\u00e9 de stocker le produit dans un endroit sec et froid pour maintenir sa qualit\u00e9.Il est pr\u00e9f\u00e9rable de consulter un m\u00e9decin en cas de conditions m\u00e9dicales sp\u00e9ciales.<\/p>\n<h2>Avantages suppl\u00e9mentaires<\/h2>\n<p>En plus de son r\u00f4le dans l'am\u00e9lioration de la sant\u00e9 du syst\u00e8me digestif, le quinoa est connu pour sa capacit\u00e9 \u00e0 promouvoir la sant\u00e9 cardiaque et \u00e0 renforcer les os gr\u00e2ce \u00e0 ses nutriments riches en nutriments.Poids: 500 grammes.<br \/>\n<b>Coordonn\u00e9es:<\/b><br \/>\nT\u00e9l\u00e9phone: 0603739204\/0690125941<br \/>\nAdresse: Marinedeh Village, Al-Kantura Group, AL -youssoufia r\u00e9gion.<br \/>\n<b>e-mail:<\/b> Kabritrdrada @ cosm\u00e9tique<br \/>\n<b>Pays du pays:<\/b> Maroc<\/p>","protected":false},"excerpt":{"rendered":"<p>\u0641\u0648\u0627\u0626\u062f \u0627\u0644\u0643\u064a\u0646\u0648\u0627 \u0643\u064a\u0646\u0648\u0627 \u0645\u0646 \u0639\u0644\u0627\u0645\u0629 \u062a\u0639\u0627\u0648\u0646\u064a\u0629 \u0627\u0644\u0641\u0644\u0627\u062d\u064a\u0629 \u0627\u0644\u0631\u0627\u0626\u062f\u0629 \u0647\u0648 \u0645\u0646\u062a\u062c \u0637\u0628\u064a\u0639\u064a \u0646\u0642\u064a \u0628\u0646\u0633\u0628\u0629 100%\u060c \u064a\u062a\u0645\u064a\u0632 \u0628\u062e\u0635\u0627\u0626\u0635\u0647 \u0627\u0644\u0645\u063a\u0630\u064a\u0629 \u0648\u0627\u0644\u0641\u0648\u0627\u0626\u062f \u0627\u0644\u0635\u062d\u064a\u0629 \u0627\u0644\u0645\u062a\u0639\u062f\u062f\u0629. \u062a\u062d\u062a\u0648\u064a \u0627\u0644\u0643\u064a\u0646\u0648\u0627 \u0639\u0644\u0649 \u0646\u0633\u0628\u0629 \u0639\u0627\u0644\u064a\u0629 \u0645\u0646 \u0627\u0644\u0628\u0631\u0648\u062a\u064a\u0646\u0627\u062a \u0648\u0627\u0644\u0623\u0644\u064a\u0627\u0641\u060c \u0645\u0645\u0627 \u064a\u062c\u0639\u0644\u0647\u0627 \u062e\u064a\u0627\u0631\u064b\u0627 \u0645\u0645\u062a\u0627\u0632\u064b\u0627 \u0644\u0644\u062d\u0641\u0627\u0638 \u0639\u0644\u0649 \u0635\u062d\u0629 \u0627\u0644\u062c\u0647\u0627\u0632 \u0627\u0644\u0647\u0636\u0645\u064a \u0648\u062a\u062d\u0633\u064a\u0646 \u0645\u0633\u062a\u0648\u0649 \u0627\u0644\u0637\u0627\u0642\u0629. \u0637\u0631\u064a\u0642\u0629 \u0627\u0633\u062a\u062e\u062f\u0627\u0645 \u0627\u0644\u0643\u064a\u0646\u0648\u0627 \u064a\u0645\u0643\u0646 \u0627\u0633\u062a\u062e\u062f\u0627\u0645 \u0627\u0644\u0643\u064a\u0646\u0648\u0627 \u0643\u0628\u062f\u064a\u0644 \u0635\u062d\u064a \u0644\u0644\u0623\u0631\u0632 \u0641\u064a \u0627\u0644\u0648\u062c\u0628\u0627\u062a\u060c \u0623\u0648 \u0625\u0636\u0627\u0641\u062a\u0647\u0627 \u0625\u0644\u0649 \u0627\u0644\u0633\u0644\u0637\u0627\u062a [&hellip;]<\/p>\n","protected":false},"featured_media":5057,"comment_status":"open","ping_status":"closed","template":"","meta":{"_acf_changed":false,"_monsterinsights_skip_tracking":false,"_monsterinsights_sitenote_active":false,"_monsterinsights_sitenote_note":"","_monsterinsights_sitenote_category":0},"product_cat":[205,15,200],"product_tag":[],"class_list":{"0":"post-5067","1":"product","2":"type-product","3":"status-publish","4":"has-post-thumbnail","6":"product_cat-couscous-derivatives","7":"product_cat-uncategorized","8":"product_cat-products","10":"first","11":"instock","12":"shipping-taxable","13":"purchasable","14":"product-type-simple"},"acf":[],"aioseo_notices":[],"_links":{"self":[{"href":"https:\/\/shopcoop.ma\/fr\/wp-json\/wp\/v2\/product\/5067","targetHints":{"allow":["GET"]}}],"collection":[{"href":"https:\/\/shopcoop.ma\/fr\/wp-json\/wp\/v2\/product"}],"about":[{"href":"https:\/\/shopcoop.ma\/fr\/wp-json\/wp\/v2\/types\/product"}],"replies":[{"embeddable":true,"href":"https:\/\/shopcoop.ma\/fr\/wp-json\/wp\/v2\/comments?post=5067"}],"wp:featuredmedia":[{"embeddable":true,"href":"https:\/\/shopcoop.ma\/fr\/wp-json\/wp\/v2\/media\/5057"}],"wp:attachment":[{"href":"https:\/\/shopcoop.ma\/fr\/wp-json\/wp\/v2\/media?parent=5067"}],"wp:term":[{"taxonomy":"product_cat","embeddable":true,"href":"https:\/\/shopcoop.ma\/fr\/wp-json\/wp\/v2\/product_cat?post=5067"},{"taxonomy":"product_tag","embeddable":true,"href":"https:\/\/shopcoop.ma\/fr\/wp-json\/wp\/v2\/product_tag?post=5067"}],"curies":[{"name":"wp","href":"https:\/\/api.w.org\/{rel}","templated":true}]}}