{"id":5068,"date":"2024-11-07T13:20:10","date_gmt":"2024-11-07T13:20:10","guid":{"rendered":"https:\/\/shopcoop.ma\/product\/%d8%ad%d8%a8%d9%88%d8%a8-%d8%a7%d9%84%d8%ad%d9%84%d8%a8%d8%a9-%d8%a7%d9%84%d8%b7%d8%a8%d9%8a%d8%b9%d9%8a%d8%a9-250-%d8%ac%d8%b1%d8%a7%d9%85\/"},"modified":"2025-02-10T15:51:57","modified_gmt":"2025-02-10T15:51:57","slug":"%d8%ad%d8%a8%d9%88%d8%a8-%d8%a7%d9%84%d8%ad%d9%84%d8%a8%d8%a9-%d8%a7%d9%84%d8%b7%d8%a8%d9%8a%d8%b9%d9%8a%d8%a9-250-%d8%ac%d8%b1%d8%a7%d9%85","status":"publish","type":"product","link":"https:\/\/shopcoop.ma\/fr\/produit\/%d8%ad%d8%a8%d9%88%d8%a8-%d8%a7%d9%84%d8%ad%d9%84%d8%a8%d8%a9-%d8%a7%d9%84%d8%b7%d8%a8%d9%8a%d8%b9%d9%8a%d8%a9-250-%d8%ac%d8%b1%d8%a7%d9%85\/","title":{"rendered":"\u062d\u0631\u0628\u0631 \u0642\u0645\u062d 1 \u0643\u0644\u063a"},"content":{"rendered":"<h2>Avantages du bl\u00e9 Harbar<\/h2>\n<p>Le bl\u00e9 Harbar de la principale marque coop\u00e9rative agricole est un produit naturel 100% pur.Il se caract\u00e9rise par ses propri\u00e9t\u00e9s nutritionnelles et ses avantages multiples pour la sant\u00e9, car il contribue \u00e0 am\u00e9liorer la digestion, \u00e0 renforcer le syst\u00e8me immunitaire et \u00e0 r\u00e9duire la glyc\u00e9mie.<\/p>\n<h2>Comment utiliser le bl\u00e9<\/h2>\n<p>Le bl\u00e9 Harbar peut \u00eatre utilis\u00e9 pour cuire comme \u00e9pice, ou le broyer et l'utiliser comme une poudre ajout\u00e9e \u00e0 diff\u00e9rents aliments.Il est recommand\u00e9 de tremper les pilules dans l'eau pendant un certain temps avant de les utiliser pour obtenir les meilleurs r\u00e9sultats.<\/p>\n<h2>Ingr\u00e9dients de harbar bl\u00e9<\/h2>\n<p>Ce produit se compose de pilules en argent 100% s\u00e9ch\u00e9es sans ajouts industriels.<\/p>\n<h2>Avertissements et utilisation s\u00fbrs<\/h2>\n<p>Il est toujours recommand\u00e9 de consulter un m\u00e9decin avant d'utiliser un bl\u00e9 de bl\u00e9 si vous souffrez de conditions m\u00e9dicales sp\u00e9ciales ou d'allergies des herbes.<\/p>\n<h2>Avantages suppl\u00e9mentaires<\/h2>\n<p>En plus de son r\u00f4le dans l'am\u00e9lioration de la sant\u00e9 publique, le bl\u00e9 est utilis\u00e9 dans les soins des cheveux et de la peau gr\u00e2ce \u00e0 ses propri\u00e9t\u00e9s nutritionnelles.Poids: 250 grammes.<br \/>\n<b>Coordonn\u00e9es:<\/b><br \/>\nT\u00e9l\u00e9phone: 0603739204\/0690125941<br \/>\nAdresse: Marinedeh Village, Al-Kantura Group, AL -youssoufia r\u00e9gion.<br \/>\n<b>e-mail:<\/b> Kabritrdrada @ cosm\u00e9tique<br \/>\n<b>Pays du pays:<\/b> Maroc<\/p>","protected":false},"excerpt":{"rendered":"<p>\u0641\u0648\u0627\u0626\u062f \u062d\u0631\u0628\u0631 \u0642\u0645\u062d \u062d\u0631\u0628\u0631 \u0642\u0645\u062d \u0645\u0646 \u0639\u0644\u0627\u0645\u0629 \u062a\u0639\u0627\u0648\u0646\u064a\u0629 \u0627\u0644\u0641\u0644\u0627\u062d\u064a\u0629 \u0627\u0644\u0631\u0627\u0626\u062f\u0629 \u0647\u0648 \u0645\u0646\u062a\u062c \u0637\u0628\u064a\u0639\u064a \u0646\u0642\u064a \u0628\u0646\u0633\u0628\u0629 100%. \u064a\u062a\u0645\u064a\u0632 \u0628\u062e\u0635\u0627\u0626\u0635\u0647 \u0627\u0644\u0645\u063a\u0630\u064a\u0629 \u0648\u0627\u0644\u0641\u0648\u0627\u0626\u062f \u0627\u0644\u0635\u062d\u064a\u0629 \u0627\u0644\u0645\u062a\u0639\u062f\u062f\u0629\u060c \u062d\u064a\u062b \u064a\u064f\u0633\u0627\u0639\u062f \u0641\u064a \u062a\u062d\u0633\u064a\u0646 \u0639\u0645\u0644\u064a\u0629 \u0627\u0644\u0647\u0636\u0645\u060c \u0648\u062a\u0642\u0648\u064a\u0629 \u062c\u0647\u0627\u0632 \u0627\u0644\u0645\u0646\u0627\u0639\u0629\u060c \u0648\u062e\u0641\u0636 \u0645\u0633\u062a\u0648\u064a\u0627\u062a \u0627\u0644\u0633\u0643\u0631 \u0641\u064a \u0627\u0644\u062f\u0645. \u0637\u0631\u064a\u0642\u0629 \u0627\u0633\u062a\u062e\u062f\u0627\u0645 \u062d\u0631\u0628\u0631 \u0642\u0645\u062d \u064a\u0645\u0643\u0646 \u0627\u0633\u062a\u062e\u062f\u0627\u0645 \u062d\u0631\u0628\u0631 \u0642\u0645\u062d \u0641\u064a \u0627\u0644\u0637\u0647\u064a \u0643\u062a\u0648\u0627\u0628\u0644\u060c \u0623\u0648 \u0637\u062d\u0646\u0647 \u0648\u0627\u0633\u062a\u062e\u062f\u0627\u0645\u0647 \u0643\u0645\u0633\u062d\u0648\u0642 \u064a\u064f\u0636\u0627\u0641 \u0625\u0644\u0649 \u0627\u0644\u0623\u0637\u0639\u0645\u0629 \u0627\u0644\u0645\u062e\u062a\u0644\u0641\u0629. [&hellip;]<\/p>\n","protected":false},"featured_media":5058,"comment_status":"open","ping_status":"closed","template":"","meta":{"_acf_changed":false,"_monsterinsights_skip_tracking":false,"_monsterinsights_sitenote_active":false,"_monsterinsights_sitenote_note":"","_monsterinsights_sitenote_category":0},"product_cat":[205,15,200],"product_tag":[],"class_list":{"0":"post-5068","1":"product","2":"type-product","3":"status-publish","4":"has-post-thumbnail","6":"product_cat-couscous-derivatives","7":"product_cat-uncategorized","8":"product_cat-products","10":"first","11":"instock","12":"shipping-taxable","13":"purchasable","14":"product-type-simple"},"acf":[],"aioseo_notices":[],"_links":{"self":[{"href":"https:\/\/shopcoop.ma\/fr\/wp-json\/wp\/v2\/product\/5068","targetHints":{"allow":["GET"]}}],"collection":[{"href":"https:\/\/shopcoop.ma\/fr\/wp-json\/wp\/v2\/product"}],"about":[{"href":"https:\/\/shopcoop.ma\/fr\/wp-json\/wp\/v2\/types\/product"}],"replies":[{"embeddable":true,"href":"https:\/\/shopcoop.ma\/fr\/wp-json\/wp\/v2\/comments?post=5068"}],"wp:featuredmedia":[{"embeddable":true,"href":"https:\/\/shopcoop.ma\/fr\/wp-json\/wp\/v2\/media\/5058"}],"wp:attachment":[{"href":"https:\/\/shopcoop.ma\/fr\/wp-json\/wp\/v2\/media?parent=5068"}],"wp:term":[{"taxonomy":"product_cat","embeddable":true,"href":"https:\/\/shopcoop.ma\/fr\/wp-json\/wp\/v2\/product_cat?post=5068"},{"taxonomy":"product_tag","embeddable":true,"href":"https:\/\/shopcoop.ma\/fr\/wp-json\/wp\/v2\/product_tag?post=5068"}],"curies":[{"name":"wp","href":"https:\/\/api.w.org\/{rel}","templated":true}]}}