{"id":5082,"date":"2024-11-09T17:03:57","date_gmt":"2024-11-09T17:03:57","guid":{"rendered":"https:\/\/shopcoop.ma\/?post_type=product&#038;p=5082"},"modified":"2024-11-28T13:25:43","modified_gmt":"2024-11-28T13:25:43","slug":"%d8%ae%d8%af%d9%85%d8%a7%d8%aa-%d8%a7%d9%84%d8%a8%d8%b3%d8%aa%d9%86%d8%a9-%d9%84%d9%84%d8%ad%d8%af%d8%a7%d8%a6%d9%82-%d9%88%d8%a7%d9%84%d9%85%d8%b3%d8%a7%d8%ad%d8%a7%d8%aa-%d8%a7%d9%84%d8%ae%d8%b6","status":"publish","type":"product","link":"https:\/\/shopcoop.ma\/fr\/produit\/%d8%ae%d8%af%d9%85%d8%a7%d8%aa-%d8%a7%d9%84%d8%a8%d8%b3%d8%aa%d9%86%d8%a9-%d9%84%d9%84%d8%ad%d8%af%d8%a7%d8%a6%d9%82-%d9%88%d8%a7%d9%84%d9%85%d8%b3%d8%a7%d8%ad%d8%a7%d8%aa-%d8%a7%d9%84%d8%ae%d8%b6\/","title":{"rendered":"Services de jardin pour jardins et espaces verts"},"content":{"rendered":"<p><strong>Amjad al -youssoufia<\/strong> Il s'agit d'une entreprise de premier plan sp\u00e9cialis\u00e9e dans la fourniture de services de jardin et l'organisation des espaces verts.Nous comprenons parfaitement l'importance de pr\u00e9server un environnement ext\u00e9rieur magnifique et dispos\u00e9, et nous nous effor\u00e7ons de transformer chaque espace en un endroit qui bat avec la beaut\u00e9 et la vie.Avec notre \u00e9quipe qualifi\u00e9e dans la coordination des jardins, nous vous proposons des solutions innovantes et efficaces qui r\u00e9pondent \u00e0 vos propres besoins et r\u00e9pondent \u00e0 votre go\u00fbt \u00e9lev\u00e9.<\/p>\n<p>Que vous cherchiez \u00e0 renouveler votre propre jardin ou \u00e0 coordonner un nouvel espace vert, nous sommes l\u00e0 pour fournir les meilleurs services qui vous garantissent une grande exp\u00e9rience et des r\u00e9sultats impressionnants.Nos services comprennent:<\/p>\n<ul>\n<li><strong>Transporter et couper:<\/strong> Nous fournissons des services de coupe et d'\u00e9lagage professionnels pour assurer la sant\u00e9 de vos plantes et obtenir la forme id\u00e9ale de chaque type de plante et d'arbres.Que vous ayez de petits buissons ou de grands arbres, nous accordons une attention particuli\u00e8re aux techniques d'\u00e9lagage saines pour assurer une croissance de la sant\u00e9 \u00e0 long et \u00e0 long terme.<\/li>\n<li><strong>Agriculture et coordination:<\/strong> Notre \u00e9quipe travaillera avec vous pour choisir les bonnes plantes selon le type de sol et le climat environnant.Nous garantissons un format professionnel qui donne la beaut\u00e9 et l'harmonie \u00e0 votre espace vert.<\/li>\n<li><strong>Fleurs et soins des plantes:<\/strong> Nous prenons soin des soins complets des fleurs et des plantes pour leur fournir les soins n\u00e9cessaires \u00e0 une bonne croissance, de l'irrigation appropri\u00e9e \u00e0 l'ajout d'engrais et aux soins p\u00e9riodiques pour assurer la sant\u00e9 des plantes tout au long de l'ann\u00e9e.<\/li>\n<li><strong>Coordination des zones naturelles:<\/strong> Que vous ayez un petit jardin ou un large espace, nous travaillons \u00e0 concevoir des espaces externes d'une mani\u00e8re qui convient \u00e0 votre go\u00fbt et r\u00e9pond \u00e0 vos besoins, tout en maintenant l'harmonie entre des \u00e9l\u00e9ments naturels tels que les roches, les cascades et les espaces verts.<\/li>\n<li><strong>Services de maintenance continue:<\/strong> Nous proposons \u00e9galement des services de maintenance p\u00e9riodiques pour nous assurer que votre jardin ou votre espace vert reste \u00e0 son meilleur tout au long de l'ann\u00e9e.Ces services comprennent un nettoyage continu, l'irrigation des plantes, l'ajout de sol et la d\u00e9barras des mauvaises herbes.<\/li>\n<\/ul>\n<p><strong>Amjad al -youssoufia<\/strong> Il vous garantit \u00e0 travailler avec une \u00e9quipe professionnelle et qualifi\u00e9e qui vous fournit des solutions personnelles qui r\u00e9pondent \u00e0 vos besoins et aspirations.Nous utilisons des techniques modernes et des \u00e9quipements de haute qualit\u00e9 pour assurer des r\u00e9sultats impressionnants, le tout avec le respect de l'environnement et le maintien de la durabilit\u00e9.Nous accordons une grande attention \u00e0 tous les d\u00e9tails du projet, de la premi\u00e8re \u00e9tape de la conception \u00e0 la mise en \u0153uvre et \u00e0 la pr\u00e9servation du projet.<\/p>\n<p>Que vous recherchiez un petit jardin pour vous reposer ou un merveilleux espace vert pour les rassemblements de famille, nous sommes l\u00e0 pour faire vraiment votre r\u00eave.avec <strong>Amjad al -youssoufia<\/strong>, Vous aurez un espace vert qui rayonne la beaut\u00e9, le calme et l'\u00e9l\u00e9gance.Nous travaillons avec amour et passion pour transformer vos pens\u00e9es en r\u00e9alit\u00e9 tangible, et nous travaillons \u00e0 fournir le meilleur service avec les normes de la plus haute qualit\u00e9 et de l'innovation.<\/p>\n<p>Appelez-nous d\u00e8s aujourd'hui pour obtenir un conseil gratuit et commencer \u00e0 convertir votre espace externe en paradis vert.Nous sommes l\u00e0 pour vous aider \u00e0 chaque \u00e9tape de votre voyage pour am\u00e9liorer votre environnement externe.<\/p>","protected":false},"excerpt":{"rendered":"<p>\u0623\u0645\u062c\u062f \u0627\u0644\u064a\u0648\u0633\u0641\u064a\u0629 \u0647\u064a \u0634\u0631\u0643\u0629 \u0631\u0627\u0626\u062f\u0629 \u0648\u0645\u062a\u062e\u0635\u0635\u0629 \u0641\u064a \u062a\u0642\u062f\u064a\u0645 \u062e\u062f\u0645\u0627\u062a \u0627\u0644\u062d\u062f\u0627\u0626\u0642 \u0648\u062a\u0646\u0638\u064a\u0645 \u0627\u0644\u0645\u0633\u0627\u062d\u0627\u062a \u0627\u0644\u062e\u0636\u0631\u0627\u0621. \u0646\u062d\u0646 \u0646\u0641\u0647\u0645 \u062a\u0645\u0627\u0645\u064b\u0627 \u0623\u0647\u0645\u064a\u0629 \u0627\u0644\u062d\u0641\u0627\u0638 \u0639\u0644\u0649 \u0628\u064a\u0626\u0629 \u062e\u0627\u0631\u062c\u064a\u0629 \u062c\u0645\u064a\u0644\u0629 \u0648\u0645\u0631\u062a\u0628\u0629\u060c \u0648\u0646\u0633\u0639\u0649 \u062c\u0627\u0647\u062f\u064a\u0646 \u0644\u062a\u062d\u0648\u064a\u0644 \u0643\u0644 \u0645\u0633\u0627\u062d\u0629 \u0625\u0644\u0649 \u0645\u0643\u0627\u0646 \u064a\u0646\u0628\u0636 \u0628\u0627\u0644\u062c\u0645\u0627\u0644 \u0648\u0627\u0644\u062d\u064a\u0627\u0629. \u0645\u0639 \u0641\u0631\u064a\u0642\u0646\u0627 \u0645\u0646 \u0627\u0644\u062e\u0628\u0631\u0627\u0621 \u0627\u0644\u0645\u0647\u0631\u0629 \u0641\u064a \u062a\u0646\u0633\u064a\u0642 \u0627\u0644\u062d\u062f\u0627\u0626\u0642\u060c \u0646\u0642\u062f\u0645 \u0644\u0643 \u062d\u0644\u0648\u0644\u0627\u064b \u0645\u0628\u062a\u0643\u0631\u0629 \u0648\u0641\u0639\u0627\u0644\u0629 \u062a\u0644\u0628\u064a \u0627\u062d\u062a\u064a\u0627\u062c\u0627\u062a\u0643 \u0627\u0644\u062e\u0627\u0635\u0629 \u0648\u062a\u062a\u0646\u0627\u0633\u0628 \u0645\u0639 \u0630\u0648\u0642\u0643 \u0627\u0644\u0631\u0641\u064a\u0639. \u0633\u0648\u0627\u0621 \u0643\u0646\u062a [&hellip;]<\/p>\n","protected":false},"featured_media":5087,"comment_status":"open","ping_status":"closed","template":"","meta":{"_acf_changed":false,"_monsterinsights_skip_tracking":false,"_monsterinsights_sitenote_active":false,"_monsterinsights_sitenote_note":"","_monsterinsights_sitenote_category":0},"product_cat":[265,215,199],"product_tag":[292],"class_list":{"0":"post-5082","1":"product","2":"type-product","3":"status-publish","4":"has-post-thumbnail","6":"product_cat-gardening-green-spaces","7":"product_cat-construction-public-works-home-projects","8":"product_cat-services","9":"product_tag-youssoufia","11":"first","12":"instock","13":"shipping-taxable","14":"product-type-simple"},"acf":[],"aioseo_notices":[],"_links":{"self":[{"href":"https:\/\/shopcoop.ma\/fr\/wp-json\/wp\/v2\/product\/5082","targetHints":{"allow":["GET"]}}],"collection":[{"href":"https:\/\/shopcoop.ma\/fr\/wp-json\/wp\/v2\/product"}],"about":[{"href":"https:\/\/shopcoop.ma\/fr\/wp-json\/wp\/v2\/types\/product"}],"replies":[{"embeddable":true,"href":"https:\/\/shopcoop.ma\/fr\/wp-json\/wp\/v2\/comments?post=5082"}],"wp:featuredmedia":[{"embeddable":true,"href":"https:\/\/shopcoop.ma\/fr\/wp-json\/wp\/v2\/media\/5087"}],"wp:attachment":[{"href":"https:\/\/shopcoop.ma\/fr\/wp-json\/wp\/v2\/media?parent=5082"}],"wp:term":[{"taxonomy":"product_cat","embeddable":true,"href":"https:\/\/shopcoop.ma\/fr\/wp-json\/wp\/v2\/product_cat?post=5082"},{"taxonomy":"product_tag","embeddable":true,"href":"https:\/\/shopcoop.ma\/fr\/wp-json\/wp\/v2\/product_tag?post=5082"}],"curies":[{"name":"wp","href":"https:\/\/api.w.org\/{rel}","templated":true}]}}