{"id":5113,"date":"2024-11-11T14:04:46","date_gmt":"2024-11-11T14:04:46","guid":{"rendered":"https:\/\/shopcoop.ma\/?post_type=product&#038;p=5113"},"modified":"2024-11-28T13:25:43","modified_gmt":"2024-11-28T13:25:43","slug":"%d8%aa%d8%b4%d8%ae%d9%8a%d8%b5-%d8%b4%d8%a7%d9%85%d9%84-%d9%84%d9%84%d8%b3%d9%8a%d8%a7%d8%b1%d8%a7%d8%aa-%d8%b5%d9%8a%d8%a7%d9%86%d8%a9-%d8%a5%d9%84%d9%83%d8%aa%d8%b1%d9%88%d9%86%d9%8a%d8%a9%d8%8c","status":"publish","type":"product","link":"https:\/\/shopcoop.ma\/fr\/produit\/%d8%aa%d8%b4%d8%ae%d9%8a%d8%b5-%d8%b4%d8%a7%d9%85%d9%84-%d9%84%d9%84%d8%b3%d9%8a%d8%a7%d8%b1%d8%a7%d8%aa-%d8%b5%d9%8a%d8%a7%d9%86%d8%a9-%d8%a5%d9%84%d9%83%d8%aa%d8%b1%d9%88%d9%86%d9%8a%d8%a9%d8%8c\/","title":{"rendered":"Diagnostic complet des voitures: maintenance \u00e9lectronique, programmation, service rapide"},"content":{"rendered":"<h1>Diagnostic complet des voitures: maintenance \u00e9lectronique, programmation, service rapide<\/h1>\n<p>Nous fournissons un service <strong>Un diagnostic de voiture complet<\/strong> Un examen des syst\u00e8mes \u00e9lectroniques, la maintenance des appareils \u00e9lectroniques et la programmation des unit\u00e9s de contr\u00f4le \u00e9lectronique comprennent les derni\u00e8res technologies avanc\u00e9es.Notre \u00e9quipe de diagnostic et de r\u00e9paration fonctionne efficacement pour assurer une am\u00e9lioration des performances de votre voiture avec pr\u00e9cision et en toute s\u00e9curit\u00e9.<\/p>\n<p>Notre \u00e9quipe se concentre sur la fourniture de solutions innovantes et efficaces conformes aux besoins de votre voiture priv\u00e9e, que vous ayez besoin d'examen p\u00e9riodique ou de r\u00e9parations d'urgence.Nous avons une exp\u00e9rience suffisante pour r\u00e9soudre les probl\u00e8mes de voiture de toutes sortes, y compris ceux li\u00e9s \u00e0 des syst\u00e8mes \u00e9lectroniques complexes.<\/p>\n<h2>Nos services comprennent:<\/h2>\n<ul>\n<li><strong>Un diagnostic de voiture complet:<\/strong> Examen exact de toutes les composants de la voiture \u00e0 l'aide d'outils et de technologies avanc\u00e9s.<\/li>\n<li><strong>Entretien \u00e9lectronique:<\/strong> R\u00e9paration des pannes dans les syst\u00e8mes \u00e9lectroniques, y compris les syst\u00e8mes de contr\u00f4le du moteur, les syst\u00e8mes de divertissement et l'\u00e9clairage.<\/li>\n<li><strong>Unit\u00e9 de commande \u00e9lectronique (ECU):<\/strong> R\u00e9installer la console pour assurer une am\u00e9lioration des performances et de l'efficacit\u00e9.<\/li>\n<li><strong>Service rapide:<\/strong> Nous souhaitons fournir un service rapide sans abandonner la qualit\u00e9, afin que vous puissiez retourner sur la route d\u00e8s que possible.<\/li>\n<\/ul>\n<p>Nous r\u00e9alisons l'importance du temps pour vous, et pour cette raison, nous garantissons un service rapide et efficace par le biais d'une \u00e9quipe form\u00e9e qui jouit de tous les types de pannes \u00e9lectroniques.Que vous ayez besoin d'un entretien ou d'un examen p\u00e9riodique de votre voiture, nous sommes l\u00e0 pour vous fournir les meilleures solutions et votre confort.<\/p>\n<p>N'h\u00e9sitez pas \u00e0 nous contacter pour prendre rendez-vous ou pour obtenir un conseil gratuit.Nous sommes l\u00e0 pour vous servir!<\/p>","protected":false},"excerpt":{"rendered":"<p>\u062a\u0634\u062e\u064a\u0635 \u0634\u0627\u0645\u0644 \u0644\u0644\u0633\u064a\u0627\u0631\u0627\u062a: \u0635\u064a\u0627\u0646\u0629 \u0625\u0644\u0643\u062a\u0631\u0648\u0646\u064a\u0629\u060c \u0628\u0631\u0645\u062c\u0629\u060c \u062e\u062f\u0645\u0629 \u0633\u0631\u064a\u0639\u0629 \u0646\u062d\u0646 \u0646\u0642\u062f\u0645 \u062e\u062f\u0645\u0629 \u062a\u0634\u062e\u064a\u0635 \u0634\u0627\u0645\u0644 \u0644\u0644\u0633\u064a\u0627\u0631\u0627\u062a \u062a\u0634\u0645\u0644 \u0641\u062d\u0635 \u0627\u0644\u0623\u0646\u0638\u0645\u0629 \u0627\u0644\u0625\u0644\u0643\u062a\u0631\u0648\u0646\u064a\u0629\u060c \u0635\u064a\u0627\u0646\u0629 \u0627\u0644\u0623\u062c\u0647\u0632\u0629 \u0627\u0644\u0625\u0644\u0643\u062a\u0631\u0648\u0646\u064a\u0629\u060c \u0648\u0628\u0631\u0645\u062c\u0629 \u0648\u062d\u062f\u0629 \u0627\u0644\u062a\u062d\u0643\u0645 \u0627\u0644\u0625\u0644\u0643\u062a\u0631\u0648\u0646\u064a\u0629 \u0628\u0627\u0633\u062a\u062e\u062f\u0627\u0645 \u0623\u062d\u062f\u062b \u0627\u0644\u062a\u0642\u0646\u064a\u0627\u062a \u0627\u0644\u0645\u062a\u0637\u0648\u0631\u0629. \u0641\u0631\u064a\u0642\u0646\u0627 \u0627\u0644\u0645\u062a\u062e\u0635\u0635 \u0641\u064a \u0627\u0644\u062a\u0634\u062e\u064a\u0635 \u0648\u0627\u0644\u0625\u0635\u0644\u0627\u062d \u064a\u0639\u0645\u0644 \u0628\u0643\u0641\u0627\u0621\u0629 \u0644\u0636\u0645\u0627\u0646 \u062a\u062d\u0633\u064a\u0646 \u0623\u062f\u0627\u0621 \u0633\u064a\u0627\u0631\u062a\u0643 \u0628\u0634\u0643\u0644 \u062f\u0642\u064a\u0642 \u0648\u0622\u0645\u0646. \u064a\u064f\u0631\u0643\u0632 \u0641\u0631\u064a\u0642\u0646\u0627 \u0639\u0644\u0649 \u062a\u0642\u062f\u064a\u0645 \u062d\u0644\u0648\u0644 \u0645\u0628\u062a\u0643\u0631\u0629 \u0648\u0641\u0639\u0651\u0627\u0644\u0629 \u062a\u062a\u0645\u0627\u0634\u0649 \u0645\u0639 \u0627\u062d\u062a\u064a\u0627\u062c\u0627\u062a \u0633\u064a\u0627\u0631\u062a\u0643 \u0627\u0644\u062e\u0627\u0635\u0629\u060c [&hellip;]<\/p>\n","protected":false},"featured_media":5116,"comment_status":"open","ping_status":"closed","template":"","meta":{"_acf_changed":false,"_monsterinsights_skip_tracking":false,"_monsterinsights_sitenote_active":false,"_monsterinsights_sitenote_note":"","_monsterinsights_sitenote_category":0},"product_cat":[199,210],"product_tag":[292],"class_list":{"0":"post-5113","1":"product","2":"type-product","3":"status-publish","4":"has-post-thumbnail","6":"product_cat-services","7":"product_cat-auto-mechanics-motorcycle-mechanics","8":"product_tag-youssoufia","10":"first","11":"instock","12":"shipping-taxable","13":"product-type-simple"},"acf":[],"aioseo_notices":[],"_links":{"self":[{"href":"https:\/\/shopcoop.ma\/fr\/wp-json\/wp\/v2\/product\/5113","targetHints":{"allow":["GET"]}}],"collection":[{"href":"https:\/\/shopcoop.ma\/fr\/wp-json\/wp\/v2\/product"}],"about":[{"href":"https:\/\/shopcoop.ma\/fr\/wp-json\/wp\/v2\/types\/product"}],"replies":[{"embeddable":true,"href":"https:\/\/shopcoop.ma\/fr\/wp-json\/wp\/v2\/comments?post=5113"}],"wp:featuredmedia":[{"embeddable":true,"href":"https:\/\/shopcoop.ma\/fr\/wp-json\/wp\/v2\/media\/5116"}],"wp:attachment":[{"href":"https:\/\/shopcoop.ma\/fr\/wp-json\/wp\/v2\/media?parent=5113"}],"wp:term":[{"taxonomy":"product_cat","embeddable":true,"href":"https:\/\/shopcoop.ma\/fr\/wp-json\/wp\/v2\/product_cat?post=5113"},{"taxonomy":"product_tag","embeddable":true,"href":"https:\/\/shopcoop.ma\/fr\/wp-json\/wp\/v2\/product_tag?post=5113"}],"curies":[{"name":"wp","href":"https:\/\/api.w.org\/{rel}","templated":true}]}}