{"id":5141,"date":"2024-11-11T14:23:23","date_gmt":"2024-11-11T14:23:23","guid":{"rendered":"https:\/\/shopcoop.ma\/product\/%d9%85%d8%a7%d8%b3%d9%83-%d8%a7%d9%84%d9%86%d8%b9%d9%86%d8%a7%d8%b9\/"},"modified":"2025-02-10T11:15:06","modified_gmt":"2025-02-10T11:15:06","slug":"%d9%85%d8%a7%d8%b3%d9%83-%d8%a7%d9%84%d9%86%d8%b9%d9%86%d8%a7%d8%b9","status":"publish","type":"product","link":"https:\/\/shopcoop.ma\/fr\/produit\/%d9%85%d8%a7%d8%b3%d9%83-%d8%a7%d9%84%d9%86%d8%b9%d9%86%d8%a7%d8%b9\/","title":{"rendered":"\u0645\u0627\u0633\u0643 \u0627\u0644\u0646\u0639\u0646\u0627\u0639 20 \u063a"},"content":{"rendered":"<h2>Avantages du masque de menthe<\/h2>\n<p>Le masque \u00e0 la menthe poivr\u00e9e du signe coop\u00e9ratif \u00e0 base de plantes d'autruche est un produit 100% naturel utilis\u00e9 pour les soins de la peau.Il se caract\u00e9rise par ses propri\u00e9t\u00e9s rafra\u00eechissantes et rafra\u00eechissantes qui aident \u00e0 calmer la peau et \u00e0 la purifier.Il aide \u00e9galement \u00e0 r\u00e9duire les huiles excessives et les pores ouverts.<\/p>\n<h2>Comment utiliser le masque \u00e0 menthe<\/h2>\n<p>Une fine couche de masque est plac\u00e9e sur la peau propre et s\u00e8che, puis \u00e0 gauche pendant 10 \u00e0 15 minutes jusqu'\u00e0 ce qu'elle s\u00e8che.Ensuite, rincez \u00e0 l'eau ti\u00e8de et s\u00e9ch\u00e9e doucement.Il est recommand\u00e9 de l'utiliser une fois par semaine pour les meilleurs r\u00e9sultats.<\/p>\n<h2>Ingr\u00e9dients du masque \u00e0 menthe<\/h2>\n<p>Ce produit se compose de 100% d'extraits de menthe naturels sans ajouts industriels.<\/p>\n<h2>Avertissements et utilisation s\u00fbrs<\/h2>\n<p>Il est toujours recommand\u00e9 de tester le produit sur une petite zone de la peau avant l'utilisation compl\u00e8te pour s'assurer qu'il n'y a pas de r\u00e9action allergique.Il est pr\u00e9f\u00e9rable de consulter un m\u00e9decin en cas de conditions m\u00e9dicales sp\u00e9ciales.<\/p>\n<h2>Avantages suppl\u00e9mentaires<\/h2>\n<p>En plus de son r\u00f4le dans le calmant de la peau, le masque de menthe est utilis\u00e9 pour stimuler la peau et r\u00e9duire l'apparence des boutons.<br \/>\n<b>Coordonn\u00e9es:<\/b><br \/>\nT\u00e9l\u00e9phone: 06xxxxxxxxx \/ 06xxxxxxxx<br \/>\nCourriel: coopachebnaama@gmail.com<br \/>\n<b>Pays du pays:<\/b> Maroc<\/p>","protected":false},"excerpt":{"rendered":"<p>\u0641\u0648\u0627\u0626\u062f \u0645\u0627\u0633\u0643 \u0627\u0644\u0646\u0639\u0646\u0627\u0639 \u0645\u0627\u0633\u0643 \u0627\u0644\u0646\u0639\u0646\u0627\u0639 \u0645\u0646 \u0639\u0644\u0627\u0645\u0629 \u062a\u0639\u0627\u0648\u0646\u064a\u0629 \u0623\u0639\u0634\u0627\u0628 \u0627\u0644\u0646\u0639\u0627\u0645\u0629 \u0647\u0648 \u0645\u0646\u062a\u062c \u0637\u0628\u064a\u0639\u064a 100% \u064a\u064f\u0633\u062a\u062e\u062f\u0645 \u0644\u0644\u0639\u0646\u0627\u064a\u0629 \u0628\u0627\u0644\u0628\u0634\u0631\u0629. \u064a\u062a\u0645\u064a\u0632 \u0628\u062e\u0635\u0627\u0626\u0635\u0647 \u0627\u0644\u0645\u0628\u0631\u062f\u0629 \u0648\u0627\u0644\u0645\u0646\u0639\u0634\u0629 \u0627\u0644\u062a\u064a \u062a\u0633\u0627\u0639\u062f \u0641\u064a \u062a\u0647\u062f\u0626\u0629 \u0627\u0644\u0628\u0634\u0631\u0629 \u0648\u062a\u0646\u0642\u064a\u062a\u0647\u0627. \u0643\u0645\u0627 \u064a\u064f\u0633\u0627\u0639\u062f \u0641\u064a \u062a\u0642\u0644\u064a\u0644 \u0627\u0644\u0632\u064a\u0648\u062a \u0627\u0644\u0632\u0627\u0626\u062f\u0629 \u0648\u0641\u062a\u062d \u0627\u0644\u0645\u0633\u0627\u0645. \u0637\u0631\u064a\u0642\u0629 \u0627\u0633\u062a\u062e\u062f\u0627\u0645 \u0645\u0627\u0633\u0643 \u0627\u0644\u0646\u0639\u0646\u0627\u0639 \u064a\u062a\u0645 \u0648\u0636\u0639 \u0637\u0628\u0642\u0629 \u0631\u0642\u064a\u0642\u0629 \u0645\u0646 \u0627\u0644\u0645\u0627\u0633\u0643 \u0639\u0644\u0649 \u0627\u0644\u0628\u0634\u0631\u0629 \u0627\u0644\u0646\u0638\u064a\u0641\u0629 \u0648\u0627\u0644\u062c\u0627\u0641\u0629\u060c \u062b\u0645 \u064a\u064f\u062a\u0631\u0643 \u0644\u0645\u062f\u0629 10-15 \u062f\u0642\u064a\u0642\u0629 \u062d\u062a\u0649 [&hellip;]<\/p>\n","protected":false},"featured_media":5478,"comment_status":"open","ping_status":"closed","template":"","meta":{"_acf_changed":false,"_monsterinsights_skip_tracking":false,"_monsterinsights_sitenote_active":false,"_monsterinsights_sitenote_note":"","_monsterinsights_sitenote_category":0},"product_cat":[240,207,200],"product_tag":[292],"class_list":{"0":"post-5141","1":"product","2":"type-product","3":"status-publish","4":"has-post-thumbnail","6":"product_cat-masks","7":"product_cat-cosmetics-natural-products","8":"product_cat-products","9":"product_tag-youssoufia","11":"first","12":"instock","13":"shipping-taxable","14":"purchasable","15":"product-type-simple"},"acf":[],"aioseo_notices":[],"_links":{"self":[{"href":"https:\/\/shopcoop.ma\/fr\/wp-json\/wp\/v2\/product\/5141","targetHints":{"allow":["GET"]}}],"collection":[{"href":"https:\/\/shopcoop.ma\/fr\/wp-json\/wp\/v2\/product"}],"about":[{"href":"https:\/\/shopcoop.ma\/fr\/wp-json\/wp\/v2\/types\/product"}],"replies":[{"embeddable":true,"href":"https:\/\/shopcoop.ma\/fr\/wp-json\/wp\/v2\/comments?post=5141"}],"wp:featuredmedia":[{"embeddable":true,"href":"https:\/\/shopcoop.ma\/fr\/wp-json\/wp\/v2\/media\/5478"}],"wp:attachment":[{"href":"https:\/\/shopcoop.ma\/fr\/wp-json\/wp\/v2\/media?parent=5141"}],"wp:term":[{"taxonomy":"product_cat","embeddable":true,"href":"https:\/\/shopcoop.ma\/fr\/wp-json\/wp\/v2\/product_cat?post=5141"},{"taxonomy":"product_tag","embeddable":true,"href":"https:\/\/shopcoop.ma\/fr\/wp-json\/wp\/v2\/product_tag?post=5141"}],"curies":[{"name":"wp","href":"https:\/\/api.w.org\/{rel}","templated":true}]}}