{"id":5143,"date":"2024-11-11T14:23:23","date_gmt":"2024-11-11T14:23:23","guid":{"rendered":"https:\/\/shopcoop.ma\/product\/%d9%85%d9%82%d8%b7%d8%b1-%d8%a7%d9%84%d9%86%d8%b9%d9%86%d8%a7%d8%b9\/"},"modified":"2025-02-10T11:17:28","modified_gmt":"2025-02-10T11:17:28","slug":"%d9%85%d9%82%d8%b7%d8%b1-%d8%a7%d9%84%d9%86%d8%b9%d9%86%d8%a7%d8%b9","status":"publish","type":"product","link":"https:\/\/shopcoop.ma\/fr\/produit\/%d9%85%d9%82%d8%b7%d8%b1-%d8%a7%d9%84%d9%86%d8%b9%d9%86%d8%a7%d8%b9\/","title":{"rendered":"\u0645\u0642\u0637\u0631 \u0627\u0644\u0646\u0639\u0646\u0627\u0639 \u0627\u0644\u0645\u0639\u0627\u0634\u064a &#8211; 100"},"content":{"rendered":"<h2>Avantages du distillateur de la menthe<\/h2>\n<p>Le distillateur de menthe de la marque coop\u00e9rative en plumes al-nawawi est un produit naturel 100% pur.Il se caract\u00e9rise par ses propri\u00e9t\u00e9s apaisantes et rafra\u00eechissantes qui aident \u00e0 am\u00e9liorer l'humeur et \u00e0 am\u00e9liorer la relaxation.Il est \u00e9galement utilis\u00e9 pour soulager le stress et l'anxi\u00e9t\u00e9.<\/p>\n<h2>Comment utiliser la menthe distiller<\/h2>\n<p>Le distillateur de menthe peut \u00eatre utilis\u00e9 apr\u00e8s l'avoir dilu\u00e9 avec de l'eau comme peau fra\u00eeche naturelle, ou l'ajout \u00e0 l'eau pour pr\u00e9parer une boisson apaisante.Il est pr\u00e9f\u00e9rable de l'utiliser en fonction des instructions sur le package.<\/p>\n<h2>Menthe poivr\u00e9e<\/h2>\n<p>Ce produit se compose de 100% d'extraits de menthe naturels sans ajouts industriels.<\/p>\n<h2>Avertissements et utilisation s\u00fbrs<\/h2>\n<p>Il est toujours recommand\u00e9 de tester le produit sur une petite zone de la peau avant l'utilisation compl\u00e8te pour s'assurer qu'il n'y a pas de r\u00e9action allergique.Il est pr\u00e9f\u00e9rable de consulter un m\u00e9decin en cas de conditions m\u00e9dicales sp\u00e9ciales.<\/p>\n<h2>Avantages suppl\u00e9mentaires<\/h2>\n<p>En plus de son r\u00f4le dans le calmant des nerfs, le distillateur de menthe est utilis\u00e9 pour am\u00e9liorer la qualit\u00e9 du sommeil et traiter l'insomnie.<br \/>\n<b>Coordonn\u00e9es:<\/b><br \/>\nT\u00e9l\u00e9phone: 0603739204\/0690125941<br \/>\nCourriel: cooperativenaawaai@gmail.com<br \/>\n<b>Pays du pays:<\/b> Maroc<\/p>","protected":false},"excerpt":{"rendered":"<p>\u0641\u0648\u0627\u0626\u062f \u0645\u0642\u0637\u0631 \u0627\u0644\u0646\u0639\u0646\u0627\u0639 \u0645\u0642\u0637\u0631 \u0627\u0644\u0646\u0639\u0646\u0627\u0639 \u0645\u0646 \u0639\u0644\u0627\u0645\u0629 \u062a\u0639\u0627\u0648\u0646\u064a\u0629 \u0631\u064a\u0634\u0629 \u0627\u0644\u0646\u0648\u0627\u0648\u064a \u0647\u0648 \u0645\u0646\u062a\u062c \u0637\u0628\u064a\u0639\u064a \u0646\u0642\u064a \u0628\u0646\u0633\u0628\u0629 100%. \u064a\u062a\u0645\u064a\u0632 \u0628\u062e\u0635\u0627\u0626\u0635\u0647 \u0627\u0644\u0645\u0647\u062f\u0626\u0629 \u0648\u0627\u0644\u0645\u0646\u0639\u0634\u0629 \u0627\u0644\u062a\u064a \u062a\u0633\u0627\u0639\u062f \u0641\u064a \u062a\u062d\u0633\u064a\u0646 \u0627\u0644\u0645\u0632\u0627\u062c \u0648\u062a\u0639\u0632\u064a\u0632 \u0627\u0644\u0627\u0633\u062a\u0631\u062e\u0627\u0621. \u064a\u064f\u0633\u062a\u062e\u062f\u0645 \u0623\u064a\u0636\u064b\u0627 \u0644\u062a\u062e\u0641\u064a\u0641 \u0627\u0644\u062a\u0648\u062a\u0631 \u0648\u0627\u0644\u0642\u0644\u0642. \u0637\u0631\u064a\u0642\u0629 \u0627\u0633\u062a\u062e\u062f\u0627\u0645 \u0645\u0642\u0637\u0631 \u0627\u0644\u0646\u0639\u0646\u0627\u0639 \u064a\u0645\u0643\u0646 \u0627\u0633\u062a\u062e\u062f\u0627\u0645 \u0645\u0642\u0637\u0631 \u0627\u0644\u0646\u0639\u0646\u0627\u0639 \u0628\u0639\u062f \u062a\u062e\u0641\u064a\u0641\u0647 \u0628\u0627\u0644\u0645\u0627\u0621 \u0643\u0645\u0646\u0639\u0634 \u0637\u0628\u064a\u0639\u064a \u0644\u0644\u0628\u0634\u0631\u0629\u060c \u0623\u0648 \u0625\u0636\u0627\u0641\u062a\u0647 \u0625\u0644\u0649 \u0627\u0644\u0645\u0627\u0621 \u0644\u062a\u062d\u0636\u064a\u0631 \u0645\u0634\u0631\u0648\u0628 \u0645\u0647\u062f\u0626. \u064a\u064f\u0641\u0636\u0644 \u0627\u0633\u062a\u062e\u062f\u0627\u0645\u0647 [&hellip;]<\/p>\n","protected":false},"featured_media":5136,"comment_status":"open","ping_status":"closed","template":"","meta":{"_acf_changed":false,"_monsterinsights_skip_tracking":false,"_monsterinsights_sitenote_active":false,"_monsterinsights_sitenote_note":"","_monsterinsights_sitenote_category":0},"product_cat":[236,207,200],"product_tag":[292],"class_list":{"0":"post-5143","1":"product","2":"type-product","3":"status-publish","4":"has-post-thumbnail","6":"product_cat-oils","7":"product_cat-cosmetics-natural-products","8":"product_cat-products","9":"product_tag-youssoufia","11":"first","12":"instock","13":"shipping-taxable","14":"purchasable","15":"product-type-simple"},"acf":[],"aioseo_notices":[],"_links":{"self":[{"href":"https:\/\/shopcoop.ma\/fr\/wp-json\/wp\/v2\/product\/5143","targetHints":{"allow":["GET"]}}],"collection":[{"href":"https:\/\/shopcoop.ma\/fr\/wp-json\/wp\/v2\/product"}],"about":[{"href":"https:\/\/shopcoop.ma\/fr\/wp-json\/wp\/v2\/types\/product"}],"replies":[{"embeddable":true,"href":"https:\/\/shopcoop.ma\/fr\/wp-json\/wp\/v2\/comments?post=5143"}],"wp:featuredmedia":[{"embeddable":true,"href":"https:\/\/shopcoop.ma\/fr\/wp-json\/wp\/v2\/media\/5136"}],"wp:attachment":[{"href":"https:\/\/shopcoop.ma\/fr\/wp-json\/wp\/v2\/media?parent=5143"}],"wp:term":[{"taxonomy":"product_cat","embeddable":true,"href":"https:\/\/shopcoop.ma\/fr\/wp-json\/wp\/v2\/product_cat?post=5143"},{"taxonomy":"product_tag","embeddable":true,"href":"https:\/\/shopcoop.ma\/fr\/wp-json\/wp\/v2\/product_tag?post=5143"}],"curies":[{"name":"wp","href":"https:\/\/api.w.org\/{rel}","templated":true}]}}