{"id":5144,"date":"2024-11-11T14:23:23","date_gmt":"2024-11-11T14:23:23","guid":{"rendered":"https:\/\/shopcoop.ma\/product\/%d8%a7%d9%84%d9%86%d8%b9%d9%86%d8%a7%d8%b9-%d8%a7%d9%84%d9%85%d8%b9%d8%a7%d8%b4%d9%8a\/"},"modified":"2025-02-10T11:04:01","modified_gmt":"2025-02-10T11:04:01","slug":"%d8%a7%d9%84%d9%86%d8%b9%d9%86%d8%a7%d8%b9-%d8%a7%d9%84%d9%85%d8%b9%d8%a7%d8%b4%d9%8a","status":"publish","type":"product","link":"https:\/\/shopcoop.ma\/fr\/produit\/%d8%a7%d9%84%d9%86%d8%b9%d9%86%d8%a7%d8%b9-%d8%a7%d9%84%d9%85%d8%b9%d8%a7%d8%b4%d9%8a\/","title":{"rendered":"\u0627\u0644\u0646\u0639\u0646\u0627\u0639 \u0627\u0644\u0645\u0639\u0627\u0634\u064a &#8211; 20 \u063a"},"content":{"rendered":"<h2>Avantages de la menthe en direct<\/h2>\n<p>La population d'une marque de collaboration agricole de premier plan est un produit naturel \u00e0 100% pur.Il se caract\u00e9rise par ses propri\u00e9t\u00e9s rafra\u00eechissantes et s\u00e9datives qui aident \u00e0 am\u00e9liorer la digestion et \u00e0 am\u00e9liorer la r\u00e9cup\u00e9ration.Il est \u00e9galement utilis\u00e9 pour soulager le stress et les maux de t\u00eate.<\/p>\n<h2>Comment utiliser la menthe de pension<\/h2>\n<p>La menthe poivr\u00e9e peut \u00eatre utilis\u00e9e pour pr\u00e9parer le th\u00e9 ou l'ajouter \u00e0 diverses salades et aliments comme saveur naturelle.Il est pr\u00e9f\u00e9rable de laver les feuilles avant utilisation pour les meilleurs r\u00e9sultats.<\/p>\n<h2>Ingr\u00e9dients populaires \u00e0 la menthe<\/h2>\n<p>Ce produit se compose de feuilles de menthe 100% s\u00e9ch\u00e9es sans ajouts industriels.<\/p>\n<h2>Avertissements et utilisation s\u00fbrs<\/h2>\n<p>Il est toujours recommand\u00e9 de stocker le produit dans un endroit sec et froid pour maintenir sa qualit\u00e9.Il est pr\u00e9f\u00e9rable de consulter un m\u00e9decin en cas de conditions m\u00e9dicales sp\u00e9ciales ou d'allergie aux herbes.<\/p>\n<h2>Avantages suppl\u00e9mentaires<\/h2>\n<p>En plus de son r\u00f4le dans l'am\u00e9lioration de la digestion, la menthe de pension est utilis\u00e9e pour calmer les nerfs et stimuler le corps gr\u00e2ce \u00e0 ses propri\u00e9t\u00e9s rafra\u00eechissantes.Poids: 10 grammes.<br \/>\n<b>Coordonn\u00e9es:<\/b><br \/>\nT\u00e9l\u00e9phone: 0603739204\/0690125941<br \/>\nAdresse: Marinedeh Village, Al-Kantura Group, AL -youssoufia r\u00e9gion.<br \/>\n<b>e-mail:<\/b> Kabritrdrada @ cosm\u00e9tique<br \/>\n<b>Pays du pays:<\/b> Maroc<\/p>","protected":false},"excerpt":{"rendered":"<p>\u0641\u0648\u0627\u0626\u062f \u0627\u0644\u0646\u0639\u0646\u0627\u0639 \u0627\u0644\u0645\u0639\u0627\u0634\u064a \u0627\u0644\u0646\u0639\u0646\u0627\u0639 \u0627\u0644\u0645\u0639\u0627\u0634\u064a \u0645\u0646 \u0639\u0644\u0627\u0645\u0629 \u062a\u0639\u0627\u0648\u0646\u064a\u0629 \u0641\u0644\u0627\u062d\u064a\u0629 \u0627\u0644\u0631\u0627\u0626\u062f\u0629 \u0647\u0648 \u0645\u0646\u062a\u062c \u0637\u0628\u064a\u0639\u064a \u0646\u0642\u064a \u0628\u0646\u0633\u0628\u0629 100%. \u064a\u062a\u0645\u064a\u0632 \u0628\u062e\u0635\u0627\u0626\u0635\u0647 \u0627\u0644\u0645\u0646\u0639\u0634\u0629 \u0648\u0627\u0644\u0645\u0647\u062f\u0626\u0629 \u0627\u0644\u062a\u064a \u062a\u0633\u0627\u0639\u062f \u0641\u064a \u062a\u062d\u0633\u064a\u0646 \u0627\u0644\u0647\u0636\u0645 \u0648\u062a\u0639\u0632\u064a\u0632 \u0627\u0644\u0627\u0646\u062a\u0639\u0627\u0634. \u064a\u064f\u0633\u062a\u062e\u062f\u0645 \u0623\u064a\u0636\u064b\u0627 \u0644\u062a\u062e\u0641\u064a\u0641 \u0627\u0644\u062a\u0648\u062a\u0631 \u0648\u0627\u0644\u0635\u062f\u0627\u0639. \u0637\u0631\u064a\u0642\u0629 \u0627\u0633\u062a\u062e\u062f\u0627\u0645 \u0627\u0644\u0646\u0639\u0646\u0627\u0639 \u0627\u0644\u0645\u0639\u0627\u0634\u064a \u064a\u0645\u0643\u0646 \u0627\u0633\u062a\u062e\u062f\u0627\u0645 \u0627\u0644\u0646\u0639\u0646\u0627\u0639 \u0627\u0644\u0645\u0639\u0627\u0634\u064a \u0641\u064a \u062a\u062d\u0636\u064a\u0631 \u0627\u0644\u0634\u0627\u064a \u0623\u0648 \u0625\u0636\u0627\u0641\u062a\u0647 \u0625\u0644\u0649 \u0627\u0644\u0633\u0644\u0637\u0627\u062a \u0648\u0627\u0644\u0623\u0637\u0639\u0645\u0629 \u0627\u0644\u0645\u062e\u062a\u0644\u0641\u0629 \u0643\u0645\u0646\u0643\u0647 \u0637\u0628\u064a\u0639\u064a. \u064a\u064f\u0641\u0636\u0644 \u063a\u0633\u0644 \u0627\u0644\u0623\u0648\u0631\u0627\u0642 \u0642\u0628\u0644 [&hellip;]<\/p>\n","protected":false},"featured_media":5139,"comment_status":"open","ping_status":"closed","template":"","meta":{"_acf_changed":false,"_monsterinsights_skip_tracking":false,"_monsterinsights_sitenote_active":false,"_monsterinsights_sitenote_note":"","_monsterinsights_sitenote_category":0},"product_cat":[208,200,243],"product_tag":[292],"class_list":{"0":"post-5144","1":"product","2":"type-product","3":"status-publish","4":"has-post-thumbnail","6":"product_cat-aromatic-and-medicinal-plants-grocery","7":"product_cat-products","8":"product_cat-pam","9":"product_tag-youssoufia","11":"first","12":"instock","13":"shipping-taxable","14":"purchasable","15":"product-type-simple"},"acf":[],"aioseo_notices":[],"_links":{"self":[{"href":"https:\/\/shopcoop.ma\/fr\/wp-json\/wp\/v2\/product\/5144","targetHints":{"allow":["GET"]}}],"collection":[{"href":"https:\/\/shopcoop.ma\/fr\/wp-json\/wp\/v2\/product"}],"about":[{"href":"https:\/\/shopcoop.ma\/fr\/wp-json\/wp\/v2\/types\/product"}],"replies":[{"embeddable":true,"href":"https:\/\/shopcoop.ma\/fr\/wp-json\/wp\/v2\/comments?post=5144"}],"wp:featuredmedia":[{"embeddable":true,"href":"https:\/\/shopcoop.ma\/fr\/wp-json\/wp\/v2\/media\/5139"}],"wp:attachment":[{"href":"https:\/\/shopcoop.ma\/fr\/wp-json\/wp\/v2\/media?parent=5144"}],"wp:term":[{"taxonomy":"product_cat","embeddable":true,"href":"https:\/\/shopcoop.ma\/fr\/wp-json\/wp\/v2\/product_cat?post=5144"},{"taxonomy":"product_tag","embeddable":true,"href":"https:\/\/shopcoop.ma\/fr\/wp-json\/wp\/v2\/product_tag?post=5144"}],"curies":[{"name":"wp","href":"https:\/\/api.w.org\/{rel}","templated":true}]}}