{"id":5145,"date":"2024-11-11T14:23:24","date_gmt":"2024-11-11T14:23:24","guid":{"rendered":"https:\/\/shopcoop.ma\/product\/%d8%b2%d9%8a%d8%aa-%d8%a7%d9%84%d9%83%d8%aa%d8%a7%d9%86-30-%d9%85%d9%84\/"},"modified":"2025-02-10T11:11:53","modified_gmt":"2025-02-10T11:11:53","slug":"%d8%b2%d9%8a%d8%aa-%d8%a7%d9%84%d9%83%d8%aa%d8%a7%d9%86-30-%d9%85%d9%84","status":"publish","type":"product","link":"https:\/\/shopcoop.ma\/fr\/produit\/%d8%b2%d9%8a%d8%aa-%d8%a7%d9%84%d9%83%d8%aa%d8%a7%d9%86-30-%d9%85%d9%84\/","title":{"rendered":"L'huile de lin est de 30 ml"},"content":{"rendered":"<h2>Avantages de l'huile de linge<\/h2>\n<p>L'huile de lin est un signe collaboratif agricole leader est un produit naturel 100% pur.Il se caract\u00e9rise par ses propri\u00e9t\u00e9s nutritionnelles et ses avantages multiples pour la sant\u00e9, car il est utilis\u00e9 pour promouvoir la sant\u00e9 cardiaque, am\u00e9liorer la sant\u00e9 de la peau et soulager les infections.<\/p>\n<h2>Comment utiliser l'huile de lin<\/h2>\n<p>L'huile de lin peut \u00eatre utilis\u00e9e comme une cuill\u00e8re \u00e0 caf\u00e9 quotidien comme compl\u00e9ment alimentaire, ou l'ajouter \u00e0 diverses salades et aliments comme saveur naturelle.Il peut \u00e9galement \u00eatre utilis\u00e9 d'actualit\u00e9 sur la peau ou les cheveux pour ses avantages esth\u00e9tiques.<\/p>\n<h2>Ingr\u00e9dients \u00e0 l'huile de lin<\/h2>\n<p>Ce produit se compose d'huile de lin 100% pure sans ajouts industriels.<\/p>\n<h2>Avertissements et utilisation s\u00fbrs<\/h2>\n<p>Il est toujours recommand\u00e9 de consulter un m\u00e9decin avant d'utiliser de l'huile de lin si vous souffrez de conditions m\u00e9dicales sp\u00e9ciales ou d'allergies des herbes.<\/p>\n<h2>Avantages suppl\u00e9mentaires<\/h2>\n<p>En plus de son r\u00f4le dans la promotion de la sant\u00e9 publique, l'huile de lin est utilis\u00e9e comme hydratant naturel pour la peau et tonique pour les cheveux.Poids: 30 ml.<br \/>\n<b>Coordonn\u00e9es:<\/b><br \/>\nT\u00e9l\u00e9phone: 0603739204\/0690125941<br \/>\nAdresse: Marinedeh Village, Al-Kantura Group, AL -youssoufia r\u00e9gion.<br \/>\n<b>e-mail:<\/b> Kabritrdrada @ cosm\u00e9tique<br \/>\n<b>Pays du pays:<\/b> Maroc<\/p>","protected":false},"excerpt":{"rendered":"<p>\u0641\u0648\u0627\u0626\u062f \u0632\u064a\u062a \u0627\u0644\u0643\u062a\u0627\u0646 \u0632\u064a\u062a \u0627\u0644\u0643\u062a\u0627\u0646 \u0645\u0646 \u0639\u0644\u0627\u0645\u0629 \u062a\u0639\u0627\u0648\u0646\u064a\u0629 \u0641\u0644\u0627\u062d\u064a\u0629 \u0627\u0644\u0631\u0627\u0626\u062f\u0629 \u0647\u0648 \u0645\u0646\u062a\u062c \u0637\u0628\u064a\u0639\u064a \u0646\u0642\u064a \u0628\u0646\u0633\u0628\u0629 100%. \u064a\u062a\u0645\u064a\u0632 \u0628\u062e\u0635\u0627\u0626\u0635\u0647 \u0627\u0644\u0645\u063a\u0630\u064a\u0629 \u0648\u0627\u0644\u0641\u0648\u0627\u0626\u062f \u0627\u0644\u0635\u062d\u064a\u0629 \u0627\u0644\u0645\u062a\u0639\u062f\u062f\u0629\u060c \u062d\u064a\u062b \u064a\u064f\u0633\u062a\u062e\u062f\u0645 \u0644\u062a\u0639\u0632\u064a\u0632 \u0635\u062d\u0629 \u0627\u0644\u0642\u0644\u0628\u060c \u062a\u062d\u0633\u064a\u0646 \u0635\u062d\u0629 \u0627\u0644\u062c\u0644\u062f\u060c \u0648\u062a\u062e\u0641\u064a\u0641 \u0627\u0644\u0627\u0644\u062a\u0647\u0627\u0628\u0627\u062a. \u0637\u0631\u064a\u0642\u0629 \u0627\u0633\u062a\u062e\u062f\u0627\u0645 \u0632\u064a\u062a \u0627\u0644\u0643\u062a\u0627\u0646 \u064a\u0645\u0643\u0646 \u0627\u0633\u062a\u062e\u062f\u0627\u0645 \u0632\u064a\u062a \u0627\u0644\u0643\u062a\u0627\u0646 \u0643\u0645\u0644\u0639\u0642\u0629 \u0635\u063a\u064a\u0631\u0629 \u064a\u0648\u0645\u064a\u064b\u0627 \u0643\u0645\u0643\u0645\u0644 \u063a\u0630\u0627\u0626\u064a\u060c \u0623\u0648 \u0625\u0636\u0627\u0641\u062a\u0647 \u0625\u0644\u0649 \u0627\u0644\u0633\u0644\u0637\u0627\u062a \u0648\u0627\u0644\u0623\u0637\u0639\u0645\u0629 \u0627\u0644\u0645\u062e\u062a\u0644\u0641\u0629 \u0643\u0645\u0646\u0643\u0647 \u0637\u0628\u064a\u0639\u064a. \u064a\u0645\u0643\u0646 \u0623\u064a\u0636\u064b\u0627 [&hellip;]<\/p>\n","protected":false},"featured_media":5128,"comment_status":"open","ping_status":"closed","template":"","meta":{"_acf_changed":false,"_monsterinsights_skip_tracking":false,"_monsterinsights_sitenote_active":false,"_monsterinsights_sitenote_note":"","_monsterinsights_sitenote_category":0},"product_cat":[236,207,200],"product_tag":[292],"class_list":{"0":"post-5145","1":"product","2":"type-product","3":"status-publish","4":"has-post-thumbnail","6":"product_cat-oils","7":"product_cat-cosmetics-natural-products","8":"product_cat-products","9":"product_tag-youssoufia","11":"first","12":"instock","13":"shipping-taxable","14":"purchasable","15":"product-type-simple"},"acf":[],"aioseo_notices":[],"_links":{"self":[{"href":"https:\/\/shopcoop.ma\/fr\/wp-json\/wp\/v2\/product\/5145","targetHints":{"allow":["GET"]}}],"collection":[{"href":"https:\/\/shopcoop.ma\/fr\/wp-json\/wp\/v2\/product"}],"about":[{"href":"https:\/\/shopcoop.ma\/fr\/wp-json\/wp\/v2\/types\/product"}],"replies":[{"embeddable":true,"href":"https:\/\/shopcoop.ma\/fr\/wp-json\/wp\/v2\/comments?post=5145"}],"wp:featuredmedia":[{"embeddable":true,"href":"https:\/\/shopcoop.ma\/fr\/wp-json\/wp\/v2\/media\/5128"}],"wp:attachment":[{"href":"https:\/\/shopcoop.ma\/fr\/wp-json\/wp\/v2\/media?parent=5145"}],"wp:term":[{"taxonomy":"product_cat","embeddable":true,"href":"https:\/\/shopcoop.ma\/fr\/wp-json\/wp\/v2\/product_cat?post=5145"},{"taxonomy":"product_tag","embeddable":true,"href":"https:\/\/shopcoop.ma\/fr\/wp-json\/wp\/v2\/product_tag?post=5145"}],"curies":[{"name":"wp","href":"https:\/\/api.w.org\/{rel}","templated":true}]}}