{"id":5150,"date":"2024-11-11T14:23:24","date_gmt":"2024-11-11T14:23:24","guid":{"rendered":"https:\/\/shopcoop.ma\/product\/%d9%85%d8%a7%d8%a1-%d8%a5%d9%83%d9%84%d9%8a%d9%84-%d8%a7%d9%84%d8%ac%d8%a8%d9%84-100-%d9%85%d9%84\/"},"modified":"2025-02-10T11:13:02","modified_gmt":"2025-02-10T11:13:02","slug":"%d9%85%d8%a7%d8%a1-%d8%a5%d9%83%d9%84%d9%8a%d9%84-%d8%a7%d9%84%d8%ac%d8%a8%d9%84-100-%d9%85%d9%84","status":"publish","type":"product","link":"https:\/\/shopcoop.ma\/fr\/produit\/%d9%85%d8%a7%d8%a1-%d8%a5%d9%83%d9%84%d9%8a%d9%84-%d8%a7%d9%84%d8%ac%d8%a8%d9%84-100-%d9%85%d9%84\/","title":{"rendered":"Eau de romarin 100 ml"},"content":{"rendered":"<h2>Les avantages de l'eau du romarin<\/h2>\n<p>\u0645\u0627\u0621 \u0625\u0643\u0644\u064a\u0644 \u0627\u0644\u062c\u0628\u0644 \u0645\u0646 \u0639\u0644\u0627\u0645\u0629 \u062a\u0639\u0627\u0648\u0646\u064a\u0629 \u0623\u0634\u0639\u0628 \u0627\u0644\u0646\u0639\u0627\u0639\u0645\u0629 \u0647\u0648 \u0645\u0646\u062a\u062c \u0637\u0628\u064a\u0639\u064a \u0646\u0642\u064a \u0628\u0646\u0633\u0628\u0629 100%. \u064a\u062a\u0645\u064a\u0632 \u0628\u062e\u0635\u0627\u0626\u0635\u0647 \u0627\u0644\u0645\u0646\u0639\u0634\u0629 \u0648\u0627\u0644\u0645\u0647\u062f\u0626\u0629 \u0627\u0644\u062a\u064a \u062a\u0633\u0627\u0639\u062f \u0641\u064a \u062a\u062d\u0633\u064a\u0646 \u0627\u0644\u0645\u0632\u0627\u062c \u0648\u062a\u0639\u0632\u064a\u0632 \u0627\u0644\u0627\u0633\u062a\u0631\u062e\u0627\u0621. \u064a\u064f\u0633\u062a\u062e\u062f\u0645 \u0623\u064a\u0636\u064b\u0627 \u0644\u062a\u062d\u0633\u064a\u0646 \u0635\u062d\u0629 \u0627\u0644\u0628\u0634\u0631\u0629 \u0648\u0627\u0644\u0634\u0639\u0631.<\/p>\n<h2>Comment utiliser l'eau de romarin<\/h2>\n<p>L'eau du romarin peut \u00eatre utilis\u00e9e apr\u00e8s l'avoir dilu\u00e9e avec de l'eau comme peau fra\u00eeche naturelle, ou l'ajout \u00e0 l'eau pour pr\u00e9parer une boisson apaisante.Il peut \u00e9galement \u00eatre utilis\u00e9 comme lavage de cheveux pour am\u00e9liorer sa force et sa brillance.<\/p>\n<h2>Ingr\u00e9dients d'eau au romarin<\/h2>\n<p>Ce produit se compose de 100% d'extraits de romarin naturels sans ajouts industriels.<\/p>\n<h2>Avertissements et utilisation s\u00fbrs<\/h2>\n<p>Il est toujours recommand\u00e9 de tester le produit sur une petite zone de la peau avant l'utilisation compl\u00e8te pour s'assurer qu'il n'y a pas de r\u00e9action allergique.Il est pr\u00e9f\u00e9rable de consulter un m\u00e9decin en cas de conditions m\u00e9dicales sp\u00e9ciales.<\/p>\n<h2>Avantages suppl\u00e9mentaires<\/h2>\n<p>En plus de son r\u00f4le dans l'am\u00e9lioration de la sant\u00e9 de la peau et des cheveux, l'eau de romarin est utilis\u00e9e pour soulager le stress et l'anxi\u00e9t\u00e9.Poids: 100 ml.<br \/>\n<b>Coordonn\u00e9es:<\/b><br \/>\nT\u00e9l\u00e9phone: 0603739204\/0690125941<br \/>\nCourriel: coopativerichbnakhwa@gmail.com<br \/>\n<b>Pays du pays:<\/b> Maroc<\/p>","protected":false},"excerpt":{"rendered":"<p>\u0641\u0648\u0627\u0626\u062f \u0645\u0627\u0621 \u0625\u0643\u0644\u064a\u0644 \u0627\u0644\u062c\u0628\u0644 \u0645\u0627\u0621 \u0625\u0643\u0644\u064a\u0644 \u0627\u0644\u062c\u0628\u0644 \u0645\u0646 \u0639\u0644\u0627\u0645\u0629 \u062a\u0639\u0627\u0648\u0646\u064a\u0629 \u0623\u0634\u0639\u0628 \u0627\u0644\u0646\u0639\u0627\u0639\u0645\u0629 \u0647\u0648 \u0645\u0646\u062a\u062c \u0637\u0628\u064a\u0639\u064a \u0646\u0642\u064a \u0628\u0646\u0633\u0628\u0629 100%. \u064a\u062a\u0645\u064a\u0632 \u0628\u062e\u0635\u0627\u0626\u0635\u0647 \u0627\u0644\u0645\u0646\u0639\u0634\u0629 \u0648\u0627\u0644\u0645\u0647\u062f\u0626\u0629 \u0627\u0644\u062a\u064a \u062a\u0633\u0627\u0639\u062f \u0641\u064a \u062a\u062d\u0633\u064a\u0646 \u0627\u0644\u0645\u0632\u0627\u062c \u0648\u062a\u0639\u0632\u064a\u0632 \u0627\u0644\u0627\u0633\u062a\u0631\u062e\u0627\u0621. \u064a\u064f\u0633\u062a\u062e\u062f\u0645 \u0623\u064a\u0636\u064b\u0627 \u0644\u062a\u062d\u0633\u064a\u0646 \u0635\u062d\u0629 \u0627\u0644\u0628\u0634\u0631\u0629 \u0648\u0627\u0644\u0634\u0639\u0631. \u0637\u0631\u064a\u0642\u0629 \u0627\u0633\u062a\u062e\u062f\u0627\u0645 \u0645\u0627\u0621 \u0625\u0643\u0644\u064a\u0644 \u0627\u0644\u062c\u0628\u0644 \u064a\u0645\u0643\u0646 \u0627\u0633\u062a\u062e\u062f\u0627\u0645 \u0645\u0627\u0621 \u0625\u0643\u0644\u064a\u0644 \u0627\u0644\u062c\u0628\u0644 \u0628\u0639\u062f \u062a\u062e\u0641\u064a\u0641\u0647 \u0628\u0627\u0644\u0645\u0627\u0621 \u0643\u0645\u0646\u0639\u0634 \u0637\u0628\u064a\u0639\u064a \u0644\u0644\u0628\u0634\u0631\u0629\u060c \u0623\u0648 \u0625\u0636\u0627\u0641\u062a\u0647 \u0625\u0644\u0649 \u0627\u0644\u0645\u0627\u0621 [&hellip;]<\/p>\n","protected":false},"featured_media":5135,"comment_status":"open","ping_status":"closed","template":"","meta":{"_acf_changed":false,"_monsterinsights_skip_tracking":false,"_monsterinsights_sitenote_active":false,"_monsterinsights_sitenote_note":"","_monsterinsights_sitenote_category":0},"product_cat":[238,208,207,200],"product_tag":[292],"class_list":{"0":"post-5150","1":"product","2":"type-product","3":"status-publish","4":"has-post-thumbnail","6":"product_cat-balm","7":"product_cat-aromatic-and-medicinal-plants-grocery","8":"product_cat-cosmetics-natural-products","9":"product_cat-products","10":"product_tag-youssoufia","12":"first","13":"instock","14":"shipping-taxable","15":"purchasable","16":"product-type-simple"},"acf":[],"aioseo_notices":[],"_links":{"self":[{"href":"https:\/\/shopcoop.ma\/fr\/wp-json\/wp\/v2\/product\/5150","targetHints":{"allow":["GET"]}}],"collection":[{"href":"https:\/\/shopcoop.ma\/fr\/wp-json\/wp\/v2\/product"}],"about":[{"href":"https:\/\/shopcoop.ma\/fr\/wp-json\/wp\/v2\/types\/product"}],"replies":[{"embeddable":true,"href":"https:\/\/shopcoop.ma\/fr\/wp-json\/wp\/v2\/comments?post=5150"}],"wp:featuredmedia":[{"embeddable":true,"href":"https:\/\/shopcoop.ma\/fr\/wp-json\/wp\/v2\/media\/5135"}],"wp:attachment":[{"href":"https:\/\/shopcoop.ma\/fr\/wp-json\/wp\/v2\/media?parent=5150"}],"wp:term":[{"taxonomy":"product_cat","embeddable":true,"href":"https:\/\/shopcoop.ma\/fr\/wp-json\/wp\/v2\/product_cat?post=5150"},{"taxonomy":"product_tag","embeddable":true,"href":"https:\/\/shopcoop.ma\/fr\/wp-json\/wp\/v2\/product_tag?post=5150"}],"curies":[{"name":"wp","href":"https:\/\/api.w.org\/{rel}","templated":true}]}}