{"id":5151,"date":"2024-11-11T14:23:25","date_gmt":"2024-11-11T14:23:25","guid":{"rendered":"https:\/\/shopcoop.ma\/product\/%d8%a5%d9%83%d9%84%d9%8a%d9%84-%d8%a7%d9%84%d8%ac%d8%a8%d9%84-40-%d8%ac%d8%b1%d8%a7%d9%85\/"},"modified":"2025-02-10T11:03:01","modified_gmt":"2025-02-10T11:03:01","slug":"%d8%a5%d9%83%d9%84%d9%8a%d9%84-%d8%a7%d9%84%d8%ac%d8%a8%d9%84-40-%d8%ac%d8%b1%d8%a7%d9%85","status":"publish","type":"product","link":"https:\/\/shopcoop.ma\/fr\/produit\/%d8%a5%d9%83%d9%84%d9%8a%d9%84-%d8%a7%d9%84%d8%ac%d8%a8%d9%84-40-%d8%ac%d8%b1%d8%a7%d9%85\/","title":{"rendered":"\u0625\u0643\u0644\u064a\u0644 \u0627\u0644\u062c\u0628\u0644 20 \u063a\u0631\u0627\u0645"},"content":{"rendered":"<h2>Les avantages du romarin<\/h2>\n<p>Le romarin d'un signe collaboratif agricole de premier plan est un produit naturel 100% pur.Il se caract\u00e9rise par ses propri\u00e9t\u00e9s fra\u00eeches et s\u00e9datives qui aident \u00e0 am\u00e9liorer l'humeur et \u00e0 am\u00e9liorer la relaxation.Il est \u00e9galement utilis\u00e9 pour am\u00e9liorer la sant\u00e9 de la peau et des cheveux.<\/p>\n<h2>Comment utiliser le romarin<\/h2>\n<p>Le romarin peut \u00eatre utilis\u00e9 comme une \u00e9pice dans la cuisson, pour pr\u00e9parer les tisanes ou dans le cadre de la routine de la peau et des soins capillaires.Il est pr\u00e9f\u00e9rable de le stocker dans un endroit sec et froid pour maintenir sa qualit\u00e9.<\/p>\n<h2>Composants de romarin<\/h2>\n<p>Ce produit se compose de feuilles de romarin \u00e0 100% s\u00e9ch\u00e9es sans ajouts industriels.<\/p>\n<h2>Avertissements et utilisation s\u00fbrs<\/h2>\n<p>Il est toujours recommand\u00e9 de tester le produit sur une petite zone de la peau avant l'utilisation compl\u00e8te pour s'assurer qu'il n'y a pas de r\u00e9action allergique.Il est pr\u00e9f\u00e9rable de consulter un m\u00e9decin en cas de conditions m\u00e9dicales sp\u00e9ciales.<\/p>\n<h2>Avantages suppl\u00e9mentaires<\/h2>\n<p>En plus de son r\u00f4le dans l'am\u00e9lioration de la sant\u00e9 de la peau et des cheveux, le romarin est utilis\u00e9 pour soulager le stress et l'anxi\u00e9t\u00e9.Poids: 40 grammes.<br \/>\n<b>Coordonn\u00e9es:<\/b><br \/>\nT\u00e9l\u00e9phone: 0603739204\/0690125941<br \/>\nCourriel: cooperativarreda@gmail.com<br \/>\n<b>Pays du pays:<\/b> Maroc<\/p>","protected":false},"excerpt":{"rendered":"<p>\u0641\u0648\u0627\u0626\u062f \u0625\u0643\u0644\u064a\u0644 \u0627\u0644\u062c\u0628\u0644 \u0625\u0643\u0644\u064a\u0644 \u0627\u0644\u062c\u0628\u0644 \u0645\u0646 \u0639\u0644\u0627\u0645\u0629 \u062a\u0639\u0627\u0648\u0646\u064a\u0629 \u0641\u0644\u0627\u062d\u064a\u0629 \u0627\u0644\u0631\u0627\u0626\u062f\u0629 \u0647\u0648 \u0645\u0646\u062a\u062c \u0637\u0628\u064a\u0639\u064a \u0646\u0642\u064a \u0628\u0646\u0633\u0628\u0629 100%. \u064a\u062a\u0645\u064a\u0632 \u0628\u062e\u0635\u0627\u0626\u0635\u0647 \u0627\u0644\u0645\u0646\u0639\u0634\u0629 \u0648\u0627\u0644\u0645\u0647\u062f\u0626\u0629 \u0627\u0644\u062a\u064a \u062a\u0633\u0627\u0639\u062f \u0641\u064a \u062a\u062d\u0633\u064a\u0646 \u0627\u0644\u0645\u0632\u0627\u062c \u0648\u062a\u0639\u0632\u064a\u0632 \u0627\u0644\u0627\u0633\u062a\u0631\u062e\u0627\u0621. \u064a\u064f\u0633\u062a\u062e\u062f\u0645 \u0623\u064a\u0636\u064b\u0627 \u0644\u062a\u062d\u0633\u064a\u0646 \u0635\u062d\u0629 \u0627\u0644\u0628\u0634\u0631\u0629 \u0648\u0627\u0644\u0634\u0639\u0631. \u0637\u0631\u064a\u0642\u0629 \u0627\u0633\u062a\u062e\u062f\u0627\u0645 \u0625\u0643\u0644\u064a\u0644 \u0627\u0644\u062c\u0628\u0644 \u064a\u0645\u0643\u0646 \u0627\u0633\u062a\u062e\u062f\u0627\u0645 \u0625\u0643\u0644\u064a\u0644 \u0627\u0644\u062c\u0628\u0644 \u0643\u062a\u0648\u0627\u0628\u0644 \u0641\u064a \u0627\u0644\u0637\u0647\u064a\u060c \u0623\u0648 \u0644\u062a\u062d\u0636\u064a\u0631 \u0634\u0627\u064a \u0627\u0644\u0623\u0639\u0634\u0627\u0628\u060c \u0623\u0648 \u0643\u062c\u0632\u0621 \u0645\u0646 \u0631\u0648\u062a\u064a\u0646 \u0627\u0644\u0639\u0646\u0627\u064a\u0629 \u0628\u0627\u0644\u0628\u0634\u0631\u0629 \u0648\u0627\u0644\u0634\u0639\u0631. [&hellip;]<\/p>\n","protected":false},"featured_media":5137,"comment_status":"open","ping_status":"closed","template":"","meta":{"_acf_changed":false,"_monsterinsights_skip_tracking":false,"_monsterinsights_sitenote_active":false,"_monsterinsights_sitenote_note":"","_monsterinsights_sitenote_category":0},"product_cat":[207,200],"product_tag":[292],"class_list":{"0":"post-5151","1":"product","2":"type-product","3":"status-publish","4":"has-post-thumbnail","6":"product_cat-cosmetics-natural-products","7":"product_cat-products","8":"product_tag-youssoufia","10":"first","11":"instock","12":"shipping-taxable","13":"purchasable","14":"product-type-simple"},"acf":[],"aioseo_notices":[],"_links":{"self":[{"href":"https:\/\/shopcoop.ma\/fr\/wp-json\/wp\/v2\/product\/5151","targetHints":{"allow":["GET"]}}],"collection":[{"href":"https:\/\/shopcoop.ma\/fr\/wp-json\/wp\/v2\/product"}],"about":[{"href":"https:\/\/shopcoop.ma\/fr\/wp-json\/wp\/v2\/types\/product"}],"replies":[{"embeddable":true,"href":"https:\/\/shopcoop.ma\/fr\/wp-json\/wp\/v2\/comments?post=5151"}],"wp:featuredmedia":[{"embeddable":true,"href":"https:\/\/shopcoop.ma\/fr\/wp-json\/wp\/v2\/media\/5137"}],"wp:attachment":[{"href":"https:\/\/shopcoop.ma\/fr\/wp-json\/wp\/v2\/media?parent=5151"}],"wp:term":[{"taxonomy":"product_cat","embeddable":true,"href":"https:\/\/shopcoop.ma\/fr\/wp-json\/wp\/v2\/product_cat?post=5151"},{"taxonomy":"product_tag","embeddable":true,"href":"https:\/\/shopcoop.ma\/fr\/wp-json\/wp\/v2\/product_tag?post=5151"}],"curies":[{"name":"wp","href":"https:\/\/api.w.org\/{rel}","templated":true}]}}