{"id":5155,"date":"2024-11-12T11:48:57","date_gmt":"2024-11-12T11:48:57","guid":{"rendered":"https:\/\/shopcoop.ma\/?post_type=product&#038;p=5155"},"modified":"2024-12-05T13:49:29","modified_gmt":"2024-12-05T13:49:29","slug":"%d8%af%d9%8a%d9%84%d9%8a%d8%b3-%d9%85%d8%a7%d8%ac%d8%af%d8%a9-%d8%ae%d8%af%d9%85%d8%a7%d8%aa-%d8%a7%d9%84%d8%ad%d9%84%d9%88%d9%8a%d8%a7%d8%aa-%d9%88%d8%a7%d9%84%d9%85%d8%a3%d9%83%d9%88%d9%84%d8%a7","status":"publish","type":"product","link":"https:\/\/shopcoop.ma\/fr\/produit\/%d8%af%d9%8a%d9%84%d9%8a%d8%b3-%d9%85%d8%a7%d8%ac%d8%af%d8%a9-%d8%ae%d8%af%d9%85%d8%a7%d8%aa-%d8%a7%d9%84%d8%ad%d9%84%d9%88%d9%8a%d8%a7%d8%aa-%d9%88%d8%a7%d9%84%d9%85%d8%a3%d9%83%d9%88%d9%84%d8%a7\/","title":{"rendered":"D\u00e9lice Majida : P\u00e2tisserie marocaine et services alimentaires"},"content":{"rendered":"<p><strong>Profitez du go\u00fbt original des bonbons marocains traditionnels et de la nourriture d\u00e9licieuse avec <em><b>D\u00e9lice Majida<\/b><\/em>.<\/strong> Nous offrons une grande vari\u00e9t\u00e9 de bonbons et d'ap\u00e9ritifs qui sont tr\u00e8s soigneusement pr\u00e9par\u00e9s, pour \u00eatre parfaits pour toutes les occasions.Des bonbons \u00e9labor\u00e9s aux amandes aux aliments sal\u00e9s, chaque composant est pr\u00e9par\u00e9 avec les meilleurs et en utilisant les meilleurs ingr\u00e9dients frais.<\/p>\n<p>Que vous planifiez un mariage, une occasion officielle ou un rassemblement de famille, <em><b>D\u00e9lice Majida<\/b><\/em> Il vous fournit des services de restauration qui ajoutent une touche unique de saveur marocaine et d'\u00e9l\u00e9gance \u00e0 toute occasion. <em>La qualit\u00e9 du service et la satisfaction des clients sont notre priorit\u00e9 absolue.<\/em><\/p>\n<p>Nos services comprennent:<\/p>\n<ul>\n<li><strong>Bonbons marocains traditionnels:<\/strong> Une large s\u00e9lection de bonbons traditionnels, y compris <em>Shabakia<\/em> et<em>Amande<\/em> et<em>Gazelle<\/em>.<\/li>\n<li><strong>Fourniture de nourriture sal\u00e9e:<\/strong> Un groupe de d\u00e9licieux ap\u00e9ritifs pour tout rassemblement.<\/li>\n<li><strong>Demandes personnalis\u00e9es:<\/strong> La possibilit\u00e9 d'attribuer des demandes pour r\u00e9pondre \u00e0 vos besoins et pr\u00e9f\u00e9rences pour toute occasion.<\/li>\n<\/ul>\n<p>Ajoutez une touche de culture et de saveur marocaine \u00e0 vos occasions avec des bonbons et des services de restauration de <strong><b>D\u00e9lice Majida<\/b><\/strong>. <strong>Contactez-nous aujourd'hui<\/strong> Pour organiser vos demandes et faire votre aptitude, n'oubliez pas!<\/p>\n<div style=\"width: 848px;\" class=\"wp-video\"><video class=\"wp-video-shortcode\" id=\"video-5155-1\" width=\"848\" height=\"480\" preload=\"metadata\" controls=\"controls\"><source type=\"video\/mp4\" src=\"https:\/\/shopcoop.ma\/wp-content\/uploads\/2024\/11\/WhatsApp-Video-2024-09-04-at-11.21.05-1.mp4?_=1\" \/><a href=\"https:\/\/shopcoop.ma\/wp-content\/uploads\/2024\/11\/WhatsApp-Video-2024-09-04-at-11.21.05-1.mp4\">https:\/\/shopcoop.ma\/wp-content\/uploads\/2024\/11\/WhatsApp-Video-2024-09-04-at-11.21.05-1.mp4<\/a><\/video><\/div>","protected":false},"excerpt":{"rendered":"<p>\u0627\u0633\u062a\u0645\u062a\u0639\u0648\u0627 \u0628\u0627\u0644\u0637\u0639\u0645 \u0627\u0644\u0623\u0635\u064a\u0644 \u0644\u0644\u062d\u0644\u0648\u064a\u0627\u062a \u0627\u0644\u0645\u063a\u0631\u0628\u064a\u0629 \u0627\u0644\u062a\u0642\u0644\u064a\u062f\u064a\u0629 \u0648\u0627\u0644\u0645\u0623\u0643\u0648\u0644\u0627\u062a \u0627\u0644\u0634\u0647\u064a\u0629 \u0645\u0639 \u062f\u064a\u0644\u064a\u0633 \u0645\u0627\u062c\u062f\u0629. \u0646\u0642\u062f\u0645 \u062a\u0634\u0643\u064a\u0644\u0629 \u0648\u0627\u0633\u0639\u0629 \u0645\u0646 \u0627\u0644\u062d\u0644\u0648\u064a\u0627\u062a \u0648\u0627\u0644\u0645\u0642\u0628\u0644\u0627\u062a \u0627\u0644\u062a\u064a \u062a\u064f\u062d\u0636\u0651\u0631 \u064a\u062f\u0648\u064a\u0627\u064b \u0628\u0639\u0646\u0627\u064a\u0629 \u0641\u0627\u0626\u0642\u0629\u060c \u0644\u062a\u0643\u0648\u0646 \u0645\u062b\u0627\u0644\u064a\u0629 \u0644\u062c\u0645\u064a\u0639 \u0627\u0644\u0645\u0646\u0627\u0633\u0628\u0627\u062a. \u0645\u0646 \u062d\u0644\u0648\u064a\u0627\u062a \u0627\u0644\u0644\u0648\u0632 \u0627\u0644\u0645\u062a\u0642\u0646\u0629 \u0625\u0644\u0649 \u0627\u0644\u0645\u0623\u0643\u0648\u0644\u0627\u062a \u0627\u0644\u0645\u0627\u0644\u062d\u0629\u060c \u064a\u062a\u0645 \u0625\u0639\u062f\u0627\u062f \u0643\u0644 \u0639\u0646\u0635\u0631 \u0628\u062d\u0628 \u0648\u0628\u0627\u0633\u062a\u062e\u062f\u0627\u0645 \u0623\u0641\u0636\u0644 \u0627\u0644\u0645\u0643\u0648\u0646\u0627\u062a \u0627\u0644\u0637\u0627\u0632\u062c\u0629. \u0633\u0648\u0627\u0621 \u0643\u0646\u062a\u0645 \u062a\u062e\u0637\u0637\u0648\u0646 \u0644\u062d\u0641\u0644 \u0632\u0641\u0627\u0641 \u0623\u0648 \u0645\u0646\u0627\u0633\u0628\u0629 \u0631\u0633\u0645\u064a\u0629 \u0623\u0648 \u062a\u062c\u0645\u0639 \u0639\u0627\u0626\u0644\u064a\u060c \u062f\u064a\u0644\u064a\u0633 \u0645\u0627\u062c\u062f\u0629 [&hellip;]<\/p>\n","protected":false},"featured_media":5218,"comment_status":"open","ping_status":"closed","template":"","meta":{"_acf_changed":false,"_monsterinsights_skip_tracking":false,"_monsterinsights_sitenote_active":false,"_monsterinsights_sitenote_note":"","_monsterinsights_sitenote_category":0},"product_cat":[199,213],"product_tag":[292],"class_list":{"0":"post-5155","1":"product","2":"type-product","3":"status-publish","4":"has-post-thumbnail","6":"product_cat-services","7":"product_cat-snacking-catering","8":"product_tag-youssoufia","10":"first","11":"instock","12":"shipping-taxable","13":"product-type-simple"},"acf":[],"aioseo_notices":[],"_links":{"self":[{"href":"https:\/\/shopcoop.ma\/fr\/wp-json\/wp\/v2\/product\/5155","targetHints":{"allow":["GET"]}}],"collection":[{"href":"https:\/\/shopcoop.ma\/fr\/wp-json\/wp\/v2\/product"}],"about":[{"href":"https:\/\/shopcoop.ma\/fr\/wp-json\/wp\/v2\/types\/product"}],"replies":[{"embeddable":true,"href":"https:\/\/shopcoop.ma\/fr\/wp-json\/wp\/v2\/comments?post=5155"}],"wp:featuredmedia":[{"embeddable":true,"href":"https:\/\/shopcoop.ma\/fr\/wp-json\/wp\/v2\/media\/5218"}],"wp:attachment":[{"href":"https:\/\/shopcoop.ma\/fr\/wp-json\/wp\/v2\/media?parent=5155"}],"wp:term":[{"taxonomy":"product_cat","embeddable":true,"href":"https:\/\/shopcoop.ma\/fr\/wp-json\/wp\/v2\/product_cat?post=5155"},{"taxonomy":"product_tag","embeddable":true,"href":"https:\/\/shopcoop.ma\/fr\/wp-json\/wp\/v2\/product_tag?post=5155"}],"curies":[{"name":"wp","href":"https:\/\/api.w.org\/{rel}","templated":true}]}}