{"id":5219,"date":"2024-11-13T10:23:09","date_gmt":"2024-11-13T10:23:09","guid":{"rendered":"https:\/\/shopcoop.ma\/?post_type=product&#038;p=5219"},"modified":"2024-12-05T13:49:18","modified_gmt":"2024-12-05T13:49:18","slug":"%d9%85%d9%86%d8%aa%d8%ac%d8%a7%d8%aa-%d8%b5%d8%af%d9%8a%d9%82%d8%a9-%d9%84%d9%84%d8%a8%d9%8a%d8%a6%d8%a9-%d9%85%d8%b5%d9%86%d9%88%d8%b9%d8%a9-%d9%85%d9%86-%d9%85%d9%88%d8%a7%d8%af-%d9%85%d8%b9%d8%a7","status":"publish","type":"product","link":"https:\/\/shopcoop.ma\/fr\/produit\/%d9%85%d9%86%d8%aa%d8%ac%d8%a7%d8%aa-%d8%b5%d8%af%d9%8a%d9%82%d8%a9-%d9%84%d9%84%d8%a8%d9%8a%d8%a6%d8%a9-%d9%85%d8%b5%d9%86%d9%88%d8%b9%d8%a9-%d9%85%d9%86-%d9%85%d9%88%d8%a7%d8%af-%d9%85%d8%b9%d8%a7\/","title":{"rendered":"Produits respectueux de l'environnement en mat\u00e9riaux recycl\u00e9s"},"content":{"rendered":"<p>Notre coop\u00e9rative propose une gamme distinctive de produits en mat\u00e9riaux recycl\u00e9s, combinant <strong>Cr\u00e9ativit\u00e9 et durabilit\u00e9<\/strong>.Nous nous engageons \u00e0 r\u00e9utiliser les ressources disponibles pour r\u00e9duire la pollution et contribuer \u00e0 la pr\u00e9servation de l'environnement.Cette merveilleuse collection de <em>Meubles en vieux pneus<\/em> Une touche unique de beaut\u00e9 donne n'importe o\u00f9, que ce soit votre maison, votre jardin ou votre espace ext\u00e9rieur.<\/p>\n<p>Chaque pi\u00e8ce est faite avec un grand soin et des conceptions innovantes qui en font plus que des meubles, ou m\u00eame <strong>\u0152uvre d'art<\/strong> Il porte l'histoire du recyclage et de la pr\u00e9servation de l'environnement.Avec nos conceptions, nous visons \u00e0 cr\u00e9er une communaut\u00e9 soucieuse de l'environnement et consciente pour l'artisanat local.<\/p>\n<p>Votre choix de nos produits signifie votre soutien \u00e0 l'environnement, votre soutien aux coop\u00e9ratives locales et la conversion des d\u00e9chets en \u00e9l\u00e9ments de valeur technique et pratique.Rejoignez-nous dans notre voyage vers un monde plus vert et durable!<\/p>","protected":false},"excerpt":{"rendered":"<p>\u062a\u0642\u062f\u0645 \u062a\u0639\u0627\u0648\u0646\u064a\u062a\u0646\u0627 \u0645\u062c\u0645\u0648\u0639\u0629 \u0645\u0645\u064a\u0632\u0629 \u0645\u0646 \u0627\u0644\u0645\u0646\u062a\u062c\u0627\u062a \u0627\u0644\u0645\u0635\u0646\u0648\u0639\u0629 \u0645\u0646 \u0645\u0648\u0627\u062f \u0645\u0639\u0627\u062f \u062a\u062f\u0648\u064a\u0631\u0647\u0627\u060c \u062a\u062c\u0645\u0639 \u0628\u064a\u0646 \u0627\u0644\u0625\u0628\u062f\u0627\u0639 \u0648\u0627\u0644\u0627\u0633\u062a\u062f\u0627\u0645\u0629. \u0646\u0644\u062a\u0632\u0645 \u0628\u0625\u0639\u0627\u062f\u0629 \u0627\u0633\u062a\u062e\u062f\u0627\u0645 \u0627\u0644\u0645\u0648\u0627\u0631\u062f \u0627\u0644\u0645\u062a\u0648\u0641\u0631\u0629 \u0644\u0644\u062d\u062f \u0645\u0646 \u0627\u0644\u062a\u0644\u0648\u062b \u0648\u0627\u0644\u0645\u0633\u0627\u0647\u0645\u0629 \u0641\u064a \u0627\u0644\u062d\u0641\u0627\u0638 \u0639\u0644\u0649 \u0627\u0644\u0628\u064a\u0626\u0629. \u0647\u0630\u0647 \u0627\u0644\u0645\u062c\u0645\u0648\u0639\u0629 \u0627\u0644\u0631\u0627\u0626\u0639\u0629 \u0645\u0646 \u0627\u0644\u0623\u062b\u0627\u062b \u0627\u0644\u0645\u0635\u0646\u0648\u0639 \u0645\u0646 \u0627\u0644\u0625\u0637\u0627\u0631\u0627\u062a \u0627\u0644\u0642\u062f\u064a\u0645\u0629 \u062a\u0636\u0641\u064a \u0644\u0645\u0633\u0629 \u0641\u0631\u064a\u062f\u0629 \u0645\u0646 \u0627\u0644\u062c\u0645\u0627\u0644 \u0639\u0644\u0649 \u0623\u064a \u0645\u0643\u0627\u0646\u060c \u0633\u0648\u0627\u0621 \u0643\u0627\u0646 \u0645\u0646\u0632\u0644\u0643 \u0623\u0648 \u062d\u062f\u064a\u0642\u062a\u0643 \u0623\u0648 \u0645\u0633\u0627\u062d\u062a\u0643 \u0627\u0644\u062e\u0627\u0631\u062c\u064a\u0629. \u0643\u0644 \u0642\u0637\u0639\u0629 [&hellip;]<\/p>\n","protected":false},"featured_media":5248,"comment_status":"open","ping_status":"closed","template":"","meta":{"_acf_changed":false,"_monsterinsights_skip_tracking":false,"_monsterinsights_sitenote_active":false,"_monsterinsights_sitenote_note":"","_monsterinsights_sitenote_category":0},"product_cat":[203,202,233,234,200],"product_tag":[292],"class_list":{"0":"post-5219","1":"product","2":"type-product","3":"status-publish","4":"has-post-thumbnail","6":"product_cat-furniture-decoration","7":"product_cat-traditional-carpets-bags-luggage","8":"product_cat-pottery-carved-wood-recycled-tires","9":"product_cat-artwork","10":"product_cat-products","11":"product_tag-youssoufia","13":"first","14":"instock","15":"shipping-taxable","16":"product-type-simple"},"acf":[],"aioseo_notices":[],"_links":{"self":[{"href":"https:\/\/shopcoop.ma\/fr\/wp-json\/wp\/v2\/product\/5219","targetHints":{"allow":["GET"]}}],"collection":[{"href":"https:\/\/shopcoop.ma\/fr\/wp-json\/wp\/v2\/product"}],"about":[{"href":"https:\/\/shopcoop.ma\/fr\/wp-json\/wp\/v2\/types\/product"}],"replies":[{"embeddable":true,"href":"https:\/\/shopcoop.ma\/fr\/wp-json\/wp\/v2\/comments?post=5219"}],"wp:featuredmedia":[{"embeddable":true,"href":"https:\/\/shopcoop.ma\/fr\/wp-json\/wp\/v2\/media\/5248"}],"wp:attachment":[{"href":"https:\/\/shopcoop.ma\/fr\/wp-json\/wp\/v2\/media?parent=5219"}],"wp:term":[{"taxonomy":"product_cat","embeddable":true,"href":"https:\/\/shopcoop.ma\/fr\/wp-json\/wp\/v2\/product_cat?post=5219"},{"taxonomy":"product_tag","embeddable":true,"href":"https:\/\/shopcoop.ma\/fr\/wp-json\/wp\/v2\/product_tag?post=5219"}],"curies":[{"name":"wp","href":"https:\/\/api.w.org\/{rel}","templated":true}]}}