{"id":5578,"date":"2025-07-09T09:35:04","date_gmt":"2025-07-09T09:35:04","guid":{"rendered":"https:\/\/shopcoop.ma\/?post_type=product&#038;p=5578"},"modified":"2025-07-09T09:58:53","modified_gmt":"2025-07-09T09:58:53","slug":"%d8%ac%d9%84%d8%a7%d8%a8%d8%a9-%d9%85%d8%ba%d8%b1%d8%a8%d9%8a%d8%a9","status":"publish","type":"product","link":"https:\/\/shopcoop.ma\/fr\/produit\/%d8%ac%d9%84%d8%a7%d8%a8%d8%a9-%d9%85%d8%ba%d8%b1%d8%a8%d9%8a%d8%a9\/","title":{"rendered":"Jellaba Marocaine"},"content":{"rendered":"<h2>Profitez de l'\u00e9l\u00e9gance p\u00e9tillante<\/h2>\n<p>La djellaba marocaine est un v\u00eatement traditionnel indispensable \u00e0 la garde-robe de toute femme en qu\u00eate d'authenticit\u00e9 et d'\u00e9l\u00e9gance. Gr\u00e2ce \u00e0 son design unique, la djellaba est plus qu'un simple v\u00eatement\u00a0; c'est l'expression de la culture et de l'identit\u00e9 marocaines. Notre passion pour la djellaba nous am\u00e8ne \u00e0 d\u00e9couvrir avec vous tous les d\u00e9tails qui en font le choix id\u00e9al pour chaque occasion.<\/p>\n<h2>Un design qui allie tradition et modernit\u00e9<\/h2>\n<p>Nos jalabiyas marocaines se distinguent par la qualit\u00e9 de leurs tissus, garantissant confort et \u00e9l\u00e9gance en toutes circonstances. Elles sont disponibles dans une vari\u00e9t\u00e9 de couleurs et de styles pour satisfaire tous les go\u00fbts. Que vous recherchiez des jalabiyas simples pour le quotidien ou orn\u00e9es de broderies artistiques pour les grandes occasions, vous trouverez forc\u00e9ment votre bonheur. Une jalabiya marocaine vous conf\u00e8re une touche de distinction, refl\u00e8te votre style personnel et renforce votre pr\u00e9sence en soci\u00e9t\u00e9.<\/p>\n<h2>Facile \u00e0 coordonner avec votre garde-robe<\/h2>\n<p>La djellaba marocaine s'associe facilement \u00e0 d'autres v\u00eatements, ce qui en fait un choix parfait en toute occasion. Vous pouvez la porter avec un pantalon ou en pi\u00e8ce ma\u00eetresse avec les accessoires ad\u00e9quats. Cette polyvalence vous permet de changer facilement de look et d'exprimer votre propre style. La seule diff\u00e9rence r\u00e9side dans la fa\u00e7on dont vous la portez, et vous serez toujours au top.<\/p>\n<p>Investissez dans une djellaba marocaine aujourd\u2019hui et faites partie d\u2019un h\u00e9ritage distinct qui refl\u00e8te l\u2019\u00e9l\u00e9gance et la beaut\u00e9.<\/p>","protected":false},"excerpt":{"rendered":"<p>\u0627\u0633\u062a\u0645\u062a\u0639 \u0628\u0627\u0644\u0623\u0646\u0627\u0642\u0629 \u0627\u0644\u0645\u062a\u0623\u0644\u0642\u0629 \u062a\u0639\u062a\u0628\u0631 \u0627\u0644\u062c\u0644\u0627\u0628\u0629 \u0627\u0644\u0645\u063a\u0631\u0628\u064a\u0629 \u0642\u0637\u0639\u0629 \u0645\u0644\u0627\u0628\u0633 \u062a\u0642\u0644\u064a\u062f\u064a\u0629 \u0644\u0627 \u063a\u0646\u0649 \u0639\u0646\u0647\u0627 \u0641\u064a \u062e\u0632\u0627\u0646\u0629 \u0623\u064a \u0627\u0645\u0631\u0623\u0629 \u062a\u0628\u062d\u062b \u0639\u0646 \u0627\u0644\u0623\u0635\u0627\u0644\u0629 \u0648\u0627\u0644\u0623\u0646\u0627\u0642\u0629. \u0628\u0641\u0636\u0644 \u062a\u0635\u0645\u064a\u0645\u0647\u0627 \u0627\u0644\u0641\u0631\u064a\u062f\u060c \u0644\u0627 \u062a\u0639\u062f \u0627\u0644\u062c\u0644\u0627\u0628\u0629 \u0645\u062c\u0631\u062f \u0644\u0628\u0627\u0633\u060c \u0628\u0644 \u0647\u064a \u062a\u0639\u0628\u064a\u0631 \u0639\u0646 \u0627\u0644\u062b\u0642\u0627\u0641\u0629 \u0648\u0627\u0644\u0647\u0648\u064a\u0629 \u0627\u0644\u0645\u063a\u0631\u0628\u064a\u0629. \u0634\u063a\u0641\u0646\u0627 \u0628\u062a\u0642\u062f\u064a\u0645 \u0623\u0641\u0636\u0644 \u0645\u0627 \u0641\u064a \u0627\u0644\u062c\u0644\u0627\u0628\u0629\u060c \u064a\u062c\u0639\u0644\u0646\u0627 \u0646\u0643\u062a\u0634\u0641 \u0645\u0639\u0643\u0645 \u0643\u0644 \u0627\u0644\u062a\u0641\u0627\u0635\u064a\u0644 \u0627\u0644\u062a\u064a \u062a\u062c\u0639\u0644 \u0645\u0646\u0647\u0627 \u0627\u0644\u062e\u064a\u0627\u0631 \u0627\u0644\u0645\u062b\u0627\u0644\u064a \u0644\u0643\u0644 \u0645\u0646\u0627\u0633\u0628\u0629. \u062a\u0635\u0645\u064a\u0645 \u064a\u062c\u0645\u0639 [&hellip;]<\/p>\n","protected":false},"featured_media":5579,"comment_status":"open","ping_status":"closed","template":"","meta":{"_acf_changed":false,"_monsterinsights_skip_tracking":false,"_monsterinsights_sitenote_active":false,"_monsterinsights_sitenote_note":"","_monsterinsights_sitenote_category":0},"product_cat":[241,199,202,239,206,207,200],"product_tag":[],"class_list":{"0":"post-5578","1":"product","2":"type-product","3":"status-publish","4":"has-post-thumbnail","6":"product_cat-other","7":"product_cat-services","8":"product_cat-traditional-carpets-bags-luggage","9":"product_cat-soap","10":"product_cat-honey-hive-products","11":"product_cat-cosmetics-natural-products","12":"product_cat-products","14":"first","15":"instock","16":"sale","17":"shipping-taxable","18":"purchasable","19":"product-type-simple"},"acf":[],"aioseo_notices":[],"_links":{"self":[{"href":"https:\/\/shopcoop.ma\/fr\/wp-json\/wp\/v2\/product\/5578","targetHints":{"allow":["GET"]}}],"collection":[{"href":"https:\/\/shopcoop.ma\/fr\/wp-json\/wp\/v2\/product"}],"about":[{"href":"https:\/\/shopcoop.ma\/fr\/wp-json\/wp\/v2\/types\/product"}],"replies":[{"embeddable":true,"href":"https:\/\/shopcoop.ma\/fr\/wp-json\/wp\/v2\/comments?post=5578"}],"wp:featuredmedia":[{"embeddable":true,"href":"https:\/\/shopcoop.ma\/fr\/wp-json\/wp\/v2\/media\/5579"}],"wp:attachment":[{"href":"https:\/\/shopcoop.ma\/fr\/wp-json\/wp\/v2\/media?parent=5578"}],"wp:term":[{"taxonomy":"product_cat","embeddable":true,"href":"https:\/\/shopcoop.ma\/fr\/wp-json\/wp\/v2\/product_cat?post=5578"},{"taxonomy":"product_tag","embeddable":true,"href":"https:\/\/shopcoop.ma\/fr\/wp-json\/wp\/v2\/product_tag?post=5578"}],"curies":[{"name":"wp","href":"https:\/\/api.w.org\/{rel}","templated":true}]}}