{"id":5592,"date":"2025-07-09T11:25:22","date_gmt":"2025-07-09T11:25:22","guid":{"rendered":"https:\/\/shopcoop.ma\/?post_type=product&#038;p=5592"},"modified":"2025-07-10T09:48:59","modified_gmt":"2025-07-10T09:48:59","slug":"%d8%ac%d9%84%d8%a7%d8%a8%d8%a9-%d9%85%d8%ba%d8%b1%d8%a8%d9%8a%d8%a9-2","status":"publish","type":"product","link":"https:\/\/shopcoop.ma\/fr\/produit\/%d8%ac%d9%84%d8%a7%d8%a8%d8%a9-%d9%85%d8%ba%d8%b1%d8%a8%d9%8a%d8%a9-2\/","title":{"rendered":"Jellaba Marocaine"},"content":{"rendered":"<p>&nbsp;<\/p>\n<p>La djellaba marocaine est un v\u00eatement traditionnel consid\u00e9r\u00e9 comme un symbole de la culture marocaine. Elle se distingue par son design unique et ses couleurs vari\u00e9es, car elle est confectionn\u00e9e \u00e0 partir de diff\u00e9rents tissus tels que la laine, le coton et la soie. Sa longueur varie g\u00e9n\u00e9ralement de la cheville au pied, offrant confort et \u00e9l\u00e9gance.<\/p>\n<p>&nbsp;<\/p>\n<p>Les djellabas marocaines se caract\u00e9risent par de magnifiques broderies \u00e0 la main et des broderies complexes, reflets de l'art traditionnel marocain. Elles sont confectionn\u00e9es de multiples fa\u00e7ons pour s'adapter \u00e0 diverses occasions, qu'elles soient d\u00e9contract\u00e9es ou festives.<\/p>\n<p>&nbsp;<\/p>\n<p>Les hommes comme les femmes peuvent porter la jalabiya, mais chacun poss\u00e8de son propre style et sa propre coupe. Pour les femmes, les jalabiyas sont souvent de couleurs vives et orn\u00e9es de broderies raffin\u00e9es, tandis que celles des hommes sont plus sobres et de couleur fonc\u00e9e.<\/p>\n<p>&nbsp;<\/p>\n<p>En g\u00e9n\u00e9ral, la djellaba marocaine est consid\u00e9r\u00e9e comme faisant partie int\u00e9grante de l'identit\u00e9 culturelle du Maroc, exprimant le riche patrimoine et l'histoire du pays.<\/p>\n<p>&nbsp;<\/p>","protected":false},"excerpt":{"rendered":"<p>&nbsp; \u0627\u0644\u062c\u0644\u0628\u0627\u0628 \u0627\u0644\u0645\u063a\u0631\u0628\u064a \u0647\u0648 \u0644\u0628\u0627\u0633 \u062a\u0642\u0644\u064a\u062f\u064a \u064a\u064f\u0639\u062a\u0628\u0631 \u0631\u0645\u0632\u064b\u0627 \u0645\u0646 \u0631\u0645\u0648\u0632 \u0627\u0644\u062b\u0642\u0627\u0641\u0629 \u0627\u0644\u0645\u063a\u0631\u0628\u064a\u0629. \u064a\u062a\u0645\u064a\u0632 \u0628\u062a\u0635\u0645\u064a\u0645\u0647 \u0627\u0644\u0641\u0631\u064a\u062f \u0648\u0644\u0648\u0646\u0647 \u0627\u0644\u0645\u062a\u0646\u0648\u0639\u060c \u062d\u064a\u062b \u064a\u064f\u0635\u0646\u0639 \u0645\u0646 \u0623\u0642\u0645\u0634\u0629 \u0645\u062e\u062a\u0644\u0641\u0629 \u0645\u062b\u0644 \u0627\u0644\u0635\u0648\u0641\u060c \u0648\u0627\u0644\u0642\u0637\u0646\u060c \u0648\u0627\u0644\u062d\u0631\u064a\u0631. \u064a\u062a\u0631\u0627\u0648\u062d \u0637\u0648\u0644 \u0627\u0644\u062c\u0644\u0628\u0627\u0628 \u0639\u0627\u062f\u0629\u064b \u0628\u064a\u0646 \u0627\u0644\u0643\u0627\u062d\u0644 \u0648\u0627\u0644\u0642\u062f\u0645\u060c \u0645\u0645\u0627 \u064a\u0645\u0646\u062d wearer \u0631\u0627\u062d\u0629 \u0648\u0623\u0646\u0627\u0642\u0629. &nbsp; \u062a\u062a\u0645\u064a\u0632 \u0627\u0644\u062c\u0644\u0628\u0627\u0628\u0627\u062a \u0627\u0644\u0645\u063a\u0631\u0628\u064a\u0629 \u0628\u0627\u0644\u0632\u062e\u0627\u0631\u0641 \u0648\u0627\u0644\u062a\u0637\u0631\u064a\u0632\u0627\u062a \u0627\u0644\u064a\u062f\u0648\u064a\u0629 \u0627\u0644\u062c\u0645\u064a\u0644\u0629\u060c \u0627\u0644\u062a\u064a \u062a\u0639\u0643\u0633 \u0627\u0644\u0641\u0646\u0648\u0646 \u0627\u0644\u062a\u0642\u0644\u064a\u062f\u064a\u0629 \u0641\u064a \u0627\u0644\u0645\u063a\u0631\u0628. \u0643\u0645\u0627 \u062a\u064f\u0635\u0646\u0639 \u0627\u0644\u062c\u0644\u0628\u0627\u0628\u0627\u062a [&hellip;]<\/p>\n","protected":false},"featured_media":5594,"comment_status":"open","ping_status":"closed","template":"","meta":{"_acf_changed":false,"_monsterinsights_skip_tracking":false,"_monsterinsights_sitenote_active":false,"_monsterinsights_sitenote_note":"","_monsterinsights_sitenote_category":0},"product_cat":[199,211,210],"product_tag":[],"class_list":{"0":"post-5592","1":"product","2":"type-product","3":"status-publish","4":"has-post-thumbnail","6":"product_cat-services","7":"product_cat-boilermaking-welding","8":"product_cat-auto-mechanics-motorcycle-mechanics","10":"first","11":"instock","12":"sale","13":"shipping-taxable","14":"purchasable","15":"product-type-simple"},"acf":[],"aioseo_notices":[],"_links":{"self":[{"href":"https:\/\/shopcoop.ma\/fr\/wp-json\/wp\/v2\/product\/5592","targetHints":{"allow":["GET"]}}],"collection":[{"href":"https:\/\/shopcoop.ma\/fr\/wp-json\/wp\/v2\/product"}],"about":[{"href":"https:\/\/shopcoop.ma\/fr\/wp-json\/wp\/v2\/types\/product"}],"replies":[{"embeddable":true,"href":"https:\/\/shopcoop.ma\/fr\/wp-json\/wp\/v2\/comments?post=5592"}],"wp:featuredmedia":[{"embeddable":true,"href":"https:\/\/shopcoop.ma\/fr\/wp-json\/wp\/v2\/media\/5594"}],"wp:attachment":[{"href":"https:\/\/shopcoop.ma\/fr\/wp-json\/wp\/v2\/media?parent=5592"}],"wp:term":[{"taxonomy":"product_cat","embeddable":true,"href":"https:\/\/shopcoop.ma\/fr\/wp-json\/wp\/v2\/product_cat?post=5592"},{"taxonomy":"product_tag","embeddable":true,"href":"https:\/\/shopcoop.ma\/fr\/wp-json\/wp\/v2\/product_tag?post=5592"}],"curies":[{"name":"wp","href":"https:\/\/api.w.org\/{rel}","templated":true}]}}