{"id":5605,"date":"2025-07-10T09:25:28","date_gmt":"2025-07-10T09:25:28","guid":{"rendered":"https:\/\/shopcoop.ma\/?post_type=product&#038;p=5605"},"modified":"2025-07-10T09:39:59","modified_gmt":"2025-07-10T09:39:59","slug":"%d8%ac%d9%84%d8%a7%d8%a8%d8%a9-%d9%85%d8%ba%d8%b1%d8%a8%d9%8a%d8%a9-3","status":"publish","type":"product","link":"https:\/\/shopcoop.ma\/fr\/produit\/%d8%ac%d9%84%d8%a7%d8%a8%d8%a9-%d9%85%d8%ba%d8%b1%d8%a8%d9%8a%d8%a9-3\/","title":{"rendered":"Jellaba Marocaine"},"content":{"rendered":"<h2>D\u00e9couvrez la djellaba traditionnelle marocaine<\/h2>\n<p>La djellaba marocaine est l'un des symboles les plus embl\u00e9matiques du patrimoine marocain authentique, alliant \u00e9l\u00e9gance traditionnelle et confort moderne. Cette pi\u00e8ce refl\u00e8te l'identit\u00e9 marocaine \u00e0 travers les g\u00e9n\u00e9rations, faisant partie int\u00e9grante de la culture vestimentaire marocaine. Con\u00e7ue pour \u00eatre le choix id\u00e9al au quotidien comme pour les occasions luxueuses, la djellaba allie pudeur et exclusivit\u00e9.<\/p>\n<h2>Des designs uniques pour tous les go\u00fbts<\/h2>\n<p>Nos jalabiyas sont confectionn\u00e9s avec soin pour r\u00e9pondre aux besoins des clients les plus exigeants. Inspir\u00e9s par des d\u00e9tails traditionnels, ils sont disponibles dans une vari\u00e9t\u00e9 de couleurs et de motifs pour tous les go\u00fbts. Que vous pr\u00e9f\u00e9riez des couleurs vives pour une touche d'audace ou des tons neutres pour une \u00e9l\u00e9gance classique, vous trouverez forc\u00e9ment votre bonheur. Ces jalabiyas se distinguent par la qualit\u00e9 de leurs tissus, gage de confort et de durabilit\u00e9.<\/p>\n<h2>Pourquoi choisir la djellaba marocaine ?<\/h2>\n<p>La djellaba marocaine n'est pas seulement un v\u00eatement\u00a0; c'est une histoire qui exprime une culture et un patrimoine. Outre son design \u00e9l\u00e9gant, cette djellaba se porte en de nombreuses occasions gr\u00e2ce \u00e0 ses diff\u00e9rents styles. Les coutures faites main et les d\u00e9tails raffin\u00e9s ajoutent une touche de luxe rare dans d'autres v\u00eatements.<\/p>\n<h2>Procurez-vous la djellaba marocaine aujourd'hui<\/h2>\n<p>Choisir une djellaba marocaine, c'est opter pour la qualit\u00e9 et l'\u00e9l\u00e9gance dans un style respectueux de l'h\u00e9ritage. Ne manquez pas l'occasion d'ajouter cette pi\u00e8ce unique \u00e0 votre garde-robe. Procurez-vous votre djellaba marocaine d\u00e8s maintenant et profitez d'un mariage parfait entre modernit\u00e9 et tradition.<\/p>","protected":false},"excerpt":{"rendered":"<p>\u062a\u0639\u0631\u0641 \u0639\u0644\u0649 \u0627\u0644\u062c\u0644\u0627\u0628\u0629 \u0627\u0644\u0645\u063a\u0631\u0628\u064a\u0629 \u0627\u0644\u062a\u0642\u0644\u064a\u062f\u064a\u0629 \u062a\u0639\u062a\u0628\u0631 \u0627\u0644\u062c\u0644\u0627\u0628\u0629 \u0627\u0644\u0645\u063a\u0631\u0628\u064a\u0629 \u0648\u0627\u062d\u062f\u0629 \u0645\u0646 \u0623\u0628\u0631\u0632 \u0631\u0645\u0648\u0632 \u0627\u0644\u062a\u0631\u0627\u062b \u0627\u0644\u0645\u063a\u0631\u0628\u064a \u0627\u0644\u0623\u0635\u064a\u0644\u060c \u062d\u064a\u062b \u062a\u0645\u0632\u062c \u0628\u064a\u0646 \u0627\u0644\u0623\u0646\u0627\u0642\u0629 \u0627\u0644\u062a\u0642\u0644\u064a\u062f\u064a\u0629 \u0648\u0627\u0644\u0631\u0627\u062d\u0629 \u0627\u0644\u0639\u0635\u0631\u064a\u0629. \u0647\u0630\u0647 \u0627\u0644\u0642\u0637\u0639\u0629 \u062a\u0639\u0643\u0633 \u0647\u0648\u064a\u0629 \u0627\u0644\u0645\u063a\u0631\u0628 \u0639\u0628\u0631 \u0623\u062c\u064a\u0627\u0644\u060c \u0645\u0645\u0627 \u064a\u062c\u0639\u0644\u0647\u0627 \u062c\u0632\u0621\u064b\u0627 \u0644\u0627 \u064a\u062a\u062c\u0632\u0623 \u0645\u0646 \u062b\u0642\u0627\u0641\u0629 \u0627\u0644\u0644\u0628\u0627\u0633 \u0627\u0644\u0645\u063a\u0631\u0628\u064a. \u0635\u064f\u0645\u0645\u062a \u0627\u0644\u062c\u0644\u0627\u0628\u0629 \u0644\u062a\u0643\u0648\u0646 \u0627\u0644\u062e\u064a\u0627\u0631 \u0627\u0644\u0645\u062b\u0627\u0644\u064a \u0644\u0643\u0644 \u0645\u0646 \u0627\u0644\u0645\u0646\u0627\u0633\u0628\u0627\u062a \u0627\u0644\u064a\u0648\u0645\u064a\u0629 \u0648\u0627\u0644\u0645\u0646\u0627\u0633\u0628\u0627\u062a \u0627\u0644\u0641\u0627\u062e\u0631\u0629\u060c \u062d\u064a\u062b \u062a\u0648\u0641\u0631 \u0644\u0643 \u0627\u0644\u062d\u0634\u0645\u0629 \u0648\u0627\u0644\u062a\u0641\u0631\u062f. \u062a\u0635\u0627\u0645\u064a\u0645 [&hellip;]<\/p>\n","protected":false},"featured_media":5606,"comment_status":"open","ping_status":"closed","template":"","meta":{"_acf_changed":false,"_monsterinsights_skip_tracking":false,"_monsterinsights_sitenote_active":false,"_monsterinsights_sitenote_note":"","_monsterinsights_sitenote_category":0},"product_cat":[15],"product_tag":[],"class_list":{"0":"post-5605","1":"product","2":"type-product","3":"status-publish","4":"has-post-thumbnail","6":"product_cat-uncategorized","8":"first","9":"instock","10":"sale","11":"shipping-taxable","12":"purchasable","13":"product-type-simple"},"acf":[],"aioseo_notices":[],"_links":{"self":[{"href":"https:\/\/shopcoop.ma\/fr\/wp-json\/wp\/v2\/product\/5605","targetHints":{"allow":["GET"]}}],"collection":[{"href":"https:\/\/shopcoop.ma\/fr\/wp-json\/wp\/v2\/product"}],"about":[{"href":"https:\/\/shopcoop.ma\/fr\/wp-json\/wp\/v2\/types\/product"}],"replies":[{"embeddable":true,"href":"https:\/\/shopcoop.ma\/fr\/wp-json\/wp\/v2\/comments?post=5605"}],"wp:featuredmedia":[{"embeddable":true,"href":"https:\/\/shopcoop.ma\/fr\/wp-json\/wp\/v2\/media\/5606"}],"wp:attachment":[{"href":"https:\/\/shopcoop.ma\/fr\/wp-json\/wp\/v2\/media?parent=5605"}],"wp:term":[{"taxonomy":"product_cat","embeddable":true,"href":"https:\/\/shopcoop.ma\/fr\/wp-json\/wp\/v2\/product_cat?post=5605"},{"taxonomy":"product_tag","embeddable":true,"href":"https:\/\/shopcoop.ma\/fr\/wp-json\/wp\/v2\/product_tag?post=5605"}],"curies":[{"name":"wp","href":"https:\/\/api.w.org\/{rel}","templated":true}]}}